{"id":1235,"date":"2025-10-01T14:46:45","date_gmt":"2025-10-01T14:46:45","guid":{"rendered":"https:\/\/2025.caldasbairrocomercial.pt\/?page_id=1235"},"modified":"2026-01-22T17:40:26","modified_gmt":"2026-01-22T17:40:26","slug":"criar-o-futuro","status":"publish","type":"page","link":"https:\/\/caldasbairrocomercial.pt\/en\/criar-o-futuro\/","title":{"rendered":"Creating the future"},"content":{"rendered":"<div data-elementor-type=\"wp-post\" data-elementor-id=\"1235\" class=\"elementor elementor-1235\">\n\t\t\t\t\t\t<section class=\"elementor-section elementor-top-section elementor-element elementor-element-4cced21 elementor-section-boxed elementor-section-height-default elementor-section-height-default\" data-id=\"4cced21\" data-element_type=\"section\" data-settings=\"{&quot;jet_parallax_layout_list&quot;:[]}\">\n\t\t\t\t\t\t<div class=\"elementor-container elementor-column-gap-default\">\n\t\t\t\t\t<div class=\"elementor-column elementor-col-100 elementor-top-column elementor-element elementor-element-79078df\" data-id=\"79078df\" data-element_type=\"column\">\n\t\t\t<div class=\"elementor-widget-wrap elementor-element-populated\">\n\t\t\t\t\t\t<div class=\"elementor-element elementor-element-1571848 jet-breadcrumbs-align-center elementor-widget elementor-widget-jet-breadcrumbs\" data-id=\"1571848\" data-element_type=\"widget\" data-widget_type=\"jet-breadcrumbs.default\">\n\t\t\t\t<div class=\"elementor-widget-container\">\n\t\t\t\t\t<div class=\"elementor-jet-breadcrumbs jet-blocks\">\n\t\t<div class=\"jet-breadcrumbs\">\n\t\t<div class=\"jet-breadcrumbs__content\">\n\t\t<div class=\"jet-breadcrumbs__wrap\"><div class=\"jet-breadcrumbs__item\"><a href=\"https:\/\/caldasbairrocomercial.pt\/en\/\" class=\"jet-breadcrumbs__item-link is-home\" rel=\"home\" title=\"FEEL THE TRADITION\">FEEL THE TRADITION<\/a><\/div>\n\t\t<\/div>\n\t\t<\/div>\n\t\t<\/div><\/div>\t\t\t\t<\/div>\n\t\t\t\t<\/div>\n\t\t\t\t<div class=\"elementor-element elementor-element-3cd2a72 elementor-widget elementor-widget-heading\" data-id=\"3cd2a72\" data-element_type=\"widget\" data-widget_type=\"heading.default\">\n\t\t\t\t\t<h1 class=\"elementor-heading-title elementor-size-default\"><span style=\"font-weight:700\">Caldas Business District <br> da Rainh@<\/span><\/h1>\t\t\t\t<\/div>\n\t\t\t\t\t<\/div>\n\t\t<\/div>\n\t\t\t\t\t<\/div>\n\t\t<\/section>\n\t\t\t\t<section class=\"elementor-section elementor-top-section elementor-element elementor-element-8004456 elementor-section-full_width elementor-section-height-default elementor-section-height-default\" data-id=\"8004456\" data-element_type=\"section\" id=\"inicio\" data-settings=\"{&quot;jet_parallax_layout_list&quot;:[]}\">\n\t\t\t\t\t\t<div class=\"elementor-container elementor-column-gap-default\">\n\t\t\t\t\t<div class=\"elementor-column elementor-col-100 elementor-top-column elementor-element elementor-element-504dd15\" data-id=\"504dd15\" data-element_type=\"column\">\n\t\t\t<div class=\"elementor-widget-wrap elementor-element-populated\">\n\t\t\t\t\t\t<div class=\"elementor-element elementor-element-3bf7e7d elementor-hidden-tablet elementor-hidden-mobile elementor-widget elementor-widget-video\" data-id=\"3bf7e7d\" data-element_type=\"widget\" data-settings=\"{&quot;show_image_overlay&quot;:&quot;yes&quot;,&quot;video_type&quot;:&quot;hosted&quot;,&quot;image_overlay&quot;:{&quot;url&quot;:&quot;https:\\\/\\\/caldasbairrocomercial.pt\\\/wp-content\\\/uploads\\\/2025\\\/10\\\/criefuturovideoover.jpg&quot;,&quot;id&quot;:5015,&quot;size&quot;:&quot;&quot;,&quot;alt&quot;:&quot;&quot;,&quot;source&quot;:&quot;library&quot;},&quot;controls&quot;:&quot;yes&quot;}\" data-widget_type=\"video.default\">\n\t\t\t\t\t\t\t<div class=\"e-hosted-video elementor-wrapper elementor-open-inline\">\n\t\t\t\t\t<video class=\"elementor-video\" src=\"https:\/\/caldasbairrocomercial.pt\/wp-content\/uploads\/2025\/10\/btlbairrocomercialcomvozv2.mp4\" controls=\"\" preload=\"metadata\" controlslist=\"nodownload\"><\/video>\n\t\t\t\t\t\t<div class=\"elementor-custom-embed-image-overlay\" style=\"background-image: url(https:\/\/caldasbairrocomercial.pt\/wp-content\/uploads\/2025\/10\/criefuturovideoover.jpg);\">\n\t\t\t\t\t\t\t\t\t\t\t\t\t\t\t\t<div class=\"elementor-custom-embed-play\" role=\"button\" aria-label=\"Play video\" tabindex=\"0\">\n\t\t\t\t\t\t\t<svg xmlns=\"http:\/\/www.w3.org\/2000\/svg\" width=\"80\" height=\"80\" viewbox=\"0 0 80 80\" fill=\"none\"><path d=\"M0 40C0 17.9688 17.9688 0 40 0C62.0312 0 80 17.9688 80 40C80 62.0312 62.0312 80 40 80C17.9688 80 0 62.0312 0 40ZM29.375 22.9688C28.2812 23.5938 27.5 24.8438 27.5 26.25V53.75C27.5 55.1562 28.2812 56.4062 29.375 57.0312C30.625 57.6562 32.0312 57.6562 33.2812 56.875L55.7812 43.125C56.875 42.5 57.5 41.25 57.5 40C57.5 38.75 56.875 37.5 55.7812 36.7188L33.2812 22.9688C32.0312 22.3438 30.625 22.3438 29.375 22.9688Z\" fill=\"white\"><\/path><\/svg>\t\t\t\t\t\t<\/div>\n\t\t\t\t\t\t\t\t\t<\/div>\n\t\t\t\t\t<\/div>\n\t\t\t\t\t\t<\/div>\n\t\t\t\t<div class=\"elementor-element elementor-element-86f6d5d elementor-hidden-desktop elementor-widget elementor-widget-video\" data-id=\"86f6d5d\" data-element_type=\"widget\" data-settings=\"{&quot;show_image_overlay&quot;:&quot;yes&quot;,&quot;video_type&quot;:&quot;hosted&quot;,&quot;image_overlay&quot;:{&quot;url&quot;:&quot;https:\\\/\\\/caldasbairrocomercial.pt\\\/wp-content\\\/uploads\\\/2025\\\/10\\\/imagem-video-1000x1000-2.png&quot;,&quot;id&quot;:5319,&quot;size&quot;:&quot;&quot;,&quot;alt&quot;:&quot;&quot;,&quot;source&quot;:&quot;library&quot;},&quot;controls&quot;:&quot;yes&quot;}\" data-widget_type=\"video.default\">\n\t\t\t\t\t\t\t<div class=\"e-hosted-video elementor-wrapper elementor-open-inline\">\n\t\t\t\t\t<video class=\"elementor-video\" src=\"https:\/\/caldasbairrocomercial.pt\/wp-content\/uploads\/2025\/10\/btlbairrocomercialcomvozv2.mp4\" controls=\"\" preload=\"metadata\" controlslist=\"nodownload\"><\/video>\n\t\t\t\t\t\t<div class=\"elementor-custom-embed-image-overlay\" style=\"background-image: url(https:\/\/caldasbairrocomercial.pt\/wp-content\/uploads\/2025\/10\/imagem-video-1000x1000-2.png);\">\n\t\t\t\t\t\t\t\t\t\t\t\t\t\t\t\t<div class=\"elementor-custom-embed-play\" role=\"button\" aria-label=\"Play video\" tabindex=\"0\">\n\t\t\t\t\t\t\t<svg xmlns=\"http:\/\/www.w3.org\/2000\/svg\" width=\"80\" height=\"80\" viewbox=\"0 0 80 80\" fill=\"none\"><path d=\"M0 40C0 17.9688 17.9688 0 40 0C62.0312 0 80 17.9688 80 40C80 62.0312 62.0312 80 40 80C17.9688 80 0 62.0312 0 40ZM29.375 22.9688C28.2812 23.5938 27.5 24.8438 27.5 26.25V53.75C27.5 55.1562 28.2812 56.4062 29.375 57.0312C30.625 57.6562 32.0312 57.6562 33.2812 56.875L55.7812 43.125C56.875 42.5 57.5 41.25 57.5 40C57.5 38.75 56.875 37.5 55.7812 36.7188L33.2812 22.9688C32.0312 22.3438 30.625 22.3438 29.375 22.9688Z\" fill=\"white\"><\/path><\/svg>\t\t\t\t\t\t<\/div>\n\t\t\t\t\t\t\t\t\t<\/div>\n\t\t\t\t\t<\/div>\n\t\t\t\t\t\t<\/div>\n\t\t\t\t\t<\/div>\n\t\t<\/div>\n\t\t\t\t\t<\/div>\n\t\t<\/section>\n\t\t\t\t<section class=\"elementor-section elementor-top-section elementor-element elementor-element-98fcc98 elementor-section-boxed elementor-section-height-default elementor-section-height-default\" data-id=\"98fcc98\" data-element_type=\"section\" data-settings=\"{&quot;jet_parallax_layout_list&quot;:[]}\">\n\t\t\t\t\t\t<div class=\"elementor-container elementor-column-gap-default\">\n\t\t\t\t\t<div class=\"elementor-column elementor-col-50 elementor-top-column elementor-element elementor-element-5cf5f85\" data-id=\"5cf5f85\" data-element_type=\"column\">\n\t\t\t<div class=\"elementor-widget-wrap elementor-element-populated\">\n\t\t\t\t\t\t<div class=\"elementor-element elementor-element-b7b025a elementor-widget elementor-widget-video\" data-id=\"b7b025a\" data-element_type=\"widget\" data-settings=\"{&quot;video_type&quot;:&quot;hosted&quot;,&quot;autoplay&quot;:&quot;yes&quot;,&quot;mute&quot;:&quot;yes&quot;,&quot;loop&quot;:&quot;yes&quot;}\" data-widget_type=\"video.default\">\n\t\t\t\t\t\t\t<div class=\"e-hosted-video elementor-wrapper elementor-open-inline\">\n\t\t\t\t\t<video class=\"elementor-video\" src=\"https:\/\/caldasbairrocomercial.pt\/wp-content\/uploads\/2025\/10\/logo_BCCR_vid-SQUARE.mp4\" autoplay=\"\" loop=\"\" muted=\"muted\" controlslist=\"nodownload\"><\/video>\n\t\t\t\t<\/div>\n\t\t\t\t\t\t<\/div>\n\t\t\t\t\t<\/div>\n\t\t<\/div>\n\t\t\t\t<div class=\"elementor-column elementor-col-50 elementor-top-column elementor-element elementor-element-543e237\" data-id=\"543e237\" data-element_type=\"column\">\n\t\t\t<div class=\"elementor-widget-wrap elementor-element-populated\">\n\t\t\t\t\t\t<div class=\"elementor-element elementor-element-4888dea elementor-widget elementor-widget-heading\" data-id=\"4888dea\" data-element_type=\"widget\" data-widget_type=\"heading.default\">\n\t\t\t\t\t<h2 class=\"elementor-heading-title elementor-size-default\">Living Territory<\/h2>\t\t\t\t<\/div>\n\t\t\t\t<div class=\"elementor-element elementor-element-828c6b1 elementor-hidden-tablet elementor-hidden-mobile elementor-invisible elementor-widget elementor-widget-heading\" data-id=\"828c6b1\" data-element_type=\"widget\" data-settings=\"{&quot;_animation&quot;:&quot;fadeInUp&quot;}\" data-widget_type=\"heading.default\">\n\t\t\t\t\t<h2 class=\"elementor-heading-title elementor-size-default\">Between <span style=\"font-weight:700\">history<\/span> and<br><span style=\"font-weight:700\">future<\/span><\/h2>\t\t\t\t<\/div>\n\t\t\t\t<div class=\"elementor-element elementor-element-e277c16 elementor-hidden-desktop elementor-invisible elementor-widget elementor-widget-heading\" data-id=\"e277c16\" data-element_type=\"widget\" data-settings=\"{&quot;_animation&quot;:&quot;fadeInUp&quot;}\" data-widget_type=\"heading.default\">\n\t\t\t\t\t<h2 class=\"elementor-heading-title elementor-size-default\">Between <span style=\"font-weight:700\">history<\/span> and <span style=\"font-weight:700\">future<\/span><\/h2>\t\t\t\t<\/div>\n\t\t\t\t<div class=\"elementor-element elementor-element-a0b3d8a elementor-widget elementor-widget-text-editor\" data-id=\"a0b3d8a\" data-element_type=\"widget\" data-widget_type=\"text-editor.default\">\n\t\t\t\t\t\t\t\t\t<p>O<span style=\"font-weight: bold;\"> Caldas da Rainh@ shopping district <\/span>is an initiative that aims to<span style=\"font-weight: bold;\"> revitalising local commerce, <\/span>combining <strong>a<\/strong><span style=\"font-weight: bold;\"> the city's historical and cultural identity <\/span>with the opportunities of the digital world. <br \/><br \/>More than a physical or virtual space, it's a<span style=\"font-weight: bold;\"> living community <\/span>which brings traders, consumers, tourists and the diaspora closer together, offering<span style=\"font-weight: bold;\"> unique and integrated experiences.<\/span><\/p><p>This project is part of the Digital Business Neighbourhoods measure, funded by the PRR and promoted by IAPMEI. The application is the result of a strategic partnership between the Municipality of Caldas da Rainha, AIRO (Associa\u00e7\u00e3o Empresarial Da Regi\u00e3o Oeste) and ACCCRO (Associa\u00e7\u00e3o Empresarial das Caldas da Rainha e Oeste).<\/p><p><span style=\"font-weight: bold;\">A living neighbourhood, both physical and virtual, for everyone - traders, residents, tourists and the diaspora.<\/span><\/p>\t\t\t\t\t\t\t\t<\/div>\n\t\t\t\t\t<\/div>\n\t\t<\/div>\n\t\t\t\t\t<\/div>\n\t\t<\/section>\n\t\t\t\t<section class=\"elementor-section elementor-top-section elementor-element elementor-element-099584b elementor-section-boxed elementor-section-height-default elementor-section-height-default\" data-id=\"099584b\" data-element_type=\"section\" data-settings=\"{&quot;jet_parallax_layout_list&quot;:[]}\">\n\t\t\t\t\t\t<div class=\"elementor-container elementor-column-gap-default\">\n\t\t\t\t\t<div class=\"elementor-column elementor-col-100 elementor-top-column elementor-element elementor-element-7510dee\" data-id=\"7510dee\" data-element_type=\"column\">\n\t\t\t<div class=\"elementor-widget-wrap elementor-element-populated\">\n\t\t\t\t\t\t<div class=\"elementor-element elementor-element-e95da2c elementor-widget elementor-widget-heading\" data-id=\"e95da2c\" data-element_type=\"widget\" data-widget_type=\"heading.default\">\n\t\t\t\t\t<h2 class=\"elementor-heading-title elementor-size-default\">Neighbourhood Identity<\/h2>\t\t\t\t<\/div>\n\t\t\t\t\t<\/div>\n\t\t<\/div>\n\t\t\t\t\t<\/div>\n\t\t<\/section>\n\t\t\t\t<section class=\"elementor-section elementor-top-section elementor-element elementor-element-d13f107 elementor-section-boxed elementor-section-height-default elementor-section-height-default\" data-id=\"d13f107\" data-element_type=\"section\" data-settings=\"{&quot;jet_parallax_layout_list&quot;:[]}\">\n\t\t\t\t\t\t<div class=\"elementor-container elementor-column-gap-default\">\n\t\t\t\t\t<div class=\"elementor-column elementor-col-50 elementor-top-column elementor-element elementor-element-cfdd7ca\" data-id=\"cfdd7ca\" data-element_type=\"column\">\n\t\t\t<div class=\"elementor-widget-wrap elementor-element-populated\">\n\t\t\t\t\t\t<div class=\"elementor-element elementor-element-b0e09d2 elementor-invisible elementor-widget elementor-widget-heading\" data-id=\"b0e09d2\" data-element_type=\"widget\" data-settings=\"{&quot;_animation&quot;:&quot;fadeInUp&quot;}\" data-widget_type=\"heading.default\">\n\t\t\t\t\t<h2 class=\"elementor-heading-title elementor-size-default\"><span style=\"font-weight:700\">Tradition<\/span>, <span style=\"font-weight:700\">innovation<\/span> e <span style=\"font-weight:700\">community<\/span> at every step<\/h2>\t\t\t\t<\/div>\n\t\t\t\t\t<\/div>\n\t\t<\/div>\n\t\t\t\t<div class=\"elementor-column elementor-col-50 elementor-top-column elementor-element elementor-element-d977cb4\" data-id=\"d977cb4\" data-element_type=\"column\">\n\t\t\t<div class=\"elementor-widget-wrap elementor-element-populated\">\n\t\t\t\t\t\t<div class=\"elementor-element elementor-element-e14b097 elementor-widget elementor-widget-text-editor\" data-id=\"e14b097\" data-element_type=\"widget\" data-widget_type=\"text-editor.default\">\n\t\t\t\t\t\t\t\t\t<p><span style=\"font-weight: bold;\">Community, culture and innovation: the beating heart of Caldas da Rainha's commerce.<\/span><\/p><p>A trade that combines tradition and modernity, brings people together and keeps the city's identity alive.\u00a0<\/p>\t\t\t\t\t\t\t\t<\/div>\n\t\t\t\t\t<\/div>\n\t\t<\/div>\n\t\t\t\t\t<\/div>\n\t\t<\/section>\n\t\t\t\t<section class=\"elementor-section elementor-top-section elementor-element elementor-element-7884ae3 elementor-section-boxed elementor-section-height-default elementor-section-height-default\" data-id=\"7884ae3\" data-element_type=\"section\" data-settings=\"{&quot;jet_parallax_layout_list&quot;:[]}\">\n\t\t\t\t\t\t<div class=\"elementor-container elementor-column-gap-default\">\n\t\t\t\t\t<div class=\"elementor-column elementor-col-33 elementor-top-column elementor-element elementor-element-5c67bd9 color-card back100-m\" data-id=\"5c67bd9\" data-element_type=\"column\" data-settings=\"{&quot;background_background&quot;:&quot;classic&quot;}\">\n\t\t\t<div class=\"elementor-widget-wrap elementor-element-populated\">\n\t\t\t\t\t\t<div class=\"elementor-element elementor-element-8122b78 elementor-widget elementor-widget-image\" data-id=\"8122b78\" data-element_type=\"widget\" data-widget_type=\"image.default\">\n\t\t\t\t\t\t\t\t\t\t\t\t\t\t\t<img decoding=\"async\" src=\"https:\/\/caldasbairrocomercial.pt\/wp-content\/uploads\/2025\/10\/identidade.svg\" title=\"identity\" alt=\"identidade\" loading=\"lazy\" \/>\t\t\t\t\t\t\t\t\t\t\t\t\t\t\t<\/div>\n\t\t\t\t<div class=\"elementor-element elementor-element-ab1ca72 elementor-widget elementor-widget-heading\" data-id=\"ab1ca72\" data-element_type=\"widget\" data-widget_type=\"heading.default\">\n\t\t\t\t\t<p class=\"elementor-heading-title elementor-size-default\">Identity and Tradition<\/p>\t\t\t\t<\/div>\n\t\t\t\t<div class=\"elementor-element elementor-element-9ccb3b5 elementor-widget elementor-widget-text-editor\" data-id=\"9ccb3b5\" data-element_type=\"widget\" data-widget_type=\"text-editor.default\">\n\t\t\t\t\t\t\t\t\t<p>Each shop and service reflects the cultural and historical essence of Caldas da Rainha and adds value to local commerce.<\/p>\t\t\t\t\t\t\t\t<\/div>\n\t\t\t\t\t<\/div>\n\t\t<\/div>\n\t\t\t\t<div class=\"elementor-column elementor-col-33 elementor-top-column elementor-element elementor-element-68248b2 color-card back100-m\" data-id=\"68248b2\" data-element_type=\"column\" data-settings=\"{&quot;background_background&quot;:&quot;classic&quot;}\">\n\t\t\t<div class=\"elementor-widget-wrap elementor-element-populated\">\n\t\t\t\t\t\t<div class=\"elementor-element elementor-element-d0efd0e elementor-widget elementor-widget-image\" data-id=\"d0efd0e\" data-element_type=\"widget\" data-widget_type=\"image.default\">\n\t\t\t\t\t\t\t\t\t\t\t\t\t\t\t<img decoding=\"async\" src=\"https:\/\/caldasbairrocomercial.pt\/wp-content\/uploads\/2025\/10\/presenca.svg\" title=\"presence\" alt=\"presenca\" loading=\"lazy\" \/>\t\t\t\t\t\t\t\t\t\t\t\t\t\t\t<\/div>\n\t\t\t\t<div class=\"elementor-element elementor-element-2b28cc2 elementor-widget elementor-widget-heading\" data-id=\"2b28cc2\" data-element_type=\"widget\" data-widget_type=\"heading.default\">\n\t\t\t\t\t<p class=\"elementor-heading-title elementor-size-default\">Digital Presence<\/p>\t\t\t\t<\/div>\n\t\t\t\t<div class=\"elementor-element elementor-element-b7fe88f elementor-widget elementor-widget-text-editor\" data-id=\"b7fe88f\" data-element_type=\"widget\" data-widget_type=\"text-editor.default\">\n\t\t\t\t\t\t\t\t\t<p>An innovative platform that brings together the best of the physical and virtual worlds and bridges the gap between retailers and consumers.<\/p>\t\t\t\t\t\t\t\t<\/div>\n\t\t\t\t\t<\/div>\n\t\t<\/div>\n\t\t\t\t<div class=\"elementor-column elementor-col-33 elementor-top-column elementor-element elementor-element-9e357a6 color-card back100-m\" data-id=\"9e357a6\" data-element_type=\"column\" data-settings=\"{&quot;background_background&quot;:&quot;classic&quot;}\">\n\t\t\t<div class=\"elementor-widget-wrap elementor-element-populated\">\n\t\t\t\t\t\t<div class=\"elementor-element elementor-element-0a3582b elementor-widget elementor-widget-image\" data-id=\"0a3582b\" data-element_type=\"widget\" data-widget_type=\"image.default\">\n\t\t\t\t\t\t\t\t\t\t\t\t\t\t\t<img decoding=\"async\" src=\"https:\/\/caldasbairrocomercial.pt\/wp-content\/uploads\/2025\/10\/inovacao.svg\" title=\"innovation\" alt=\"inovacao\" loading=\"lazy\" \/>\t\t\t\t\t\t\t\t\t\t\t\t\t\t\t<\/div>\n\t\t\t\t<div class=\"elementor-element elementor-element-bef4632 elementor-widget elementor-widget-heading\" data-id=\"bef4632\" data-element_type=\"widget\" data-widget_type=\"heading.default\">\n\t\t\t\t\t<p class=\"elementor-heading-title elementor-size-default\">Innovation and Inclusion<\/p>\t\t\t\t<\/div>\n\t\t\t\t<div class=\"elementor-element elementor-element-aa262f4 elementor-widget elementor-widget-text-editor\" data-id=\"aa262f4\" data-element_type=\"widget\" data-widget_type=\"text-editor.default\">\n\t\t\t\t\t\t\t\t\t<p>A space for co-creation, where the community contributes to the sustainable and integrated growth of commerce.<\/p>\t\t\t\t\t\t\t\t<\/div>\n\t\t\t\t\t<\/div>\n\t\t<\/div>\n\t\t\t\t\t<\/div>\n\t\t<\/section>\n\t\t\t\t<section class=\"elementor-section elementor-top-section elementor-element elementor-element-7689f68 back100 elementor-section-content-middle elementor-section-boxed elementor-section-height-default elementor-section-height-default\" data-id=\"7689f68\" data-element_type=\"section\" data-settings=\"{&quot;jet_parallax_layout_list&quot;:[],&quot;background_background&quot;:&quot;classic&quot;}\">\n\t\t\t\t\t\t<div class=\"elementor-container elementor-column-gap-default\">\n\t\t\t\t\t<div class=\"elementor-column elementor-col-100 elementor-top-column elementor-element elementor-element-709587f\" data-id=\"709587f\" data-element_type=\"column\">\n\t\t\t<div class=\"elementor-widget-wrap\">\n\t\t\t\t\t\t\t<\/div>\n\t\t<\/div>\n\t\t\t\t\t<\/div>\n\t\t<\/section>\n\t\t\t\t<section class=\"elementor-section elementor-top-section elementor-element elementor-element-e00ac65 elementor-section-height-min-height elementor-section-items-bottom elementor-section-boxed elementor-section-height-default\" data-id=\"e00ac65\" data-element_type=\"section\" data-settings=\"{&quot;jet_parallax_layout_list&quot;:[],&quot;background_background&quot;:&quot;classic&quot;}\">\n\t\t\t\t\t\t<div class=\"elementor-container elementor-column-gap-default\">\n\t\t\t\t\t<div class=\"elementor-column elementor-col-100 elementor-top-column elementor-element elementor-element-7514203\" data-id=\"7514203\" data-element_type=\"column\">\n\t\t\t<div class=\"elementor-widget-wrap elementor-element-populated\">\n\t\t\t\t\t\t<div class=\"elementor-element elementor-element-772848a elementor-hidden-tablet elementor-hidden-mobile elementor-widget elementor-widget-heading\" data-id=\"772848a\" data-element_type=\"widget\" data-widget_type=\"heading.default\">\n\t\t\t\t\t<h2 class=\"elementor-heading-title elementor-size-default\">More than a space, a<br> Neighbourhood is a <span style=\"font-weight:700\">community<br> alive.<\/span><\/h2>\t\t\t\t<\/div>\n\t\t\t\t<div class=\"elementor-element elementor-element-605cc31 elementor-hidden-desktop elementor-widget elementor-widget-heading\" data-id=\"605cc31\" data-element_type=\"widget\" data-widget_type=\"heading.default\">\n\t\t\t\t\t<h2 class=\"elementor-heading-title elementor-size-default\">More than a space, a Neighbourhood is a <span style=\"font-weight:700\">living community.<\/span><\/h2>\t\t\t\t<\/div>\n\t\t\t\t<div class=\"elementor-element elementor-element-feeae48 elementor-hidden-tablet elementor-hidden-mobile elementor-widget elementor-widget-heading\" data-id=\"feeae48\" data-element_type=\"widget\" data-widget_type=\"heading.default\">\n\t\t\t\t\t<h2 class=\"elementor-heading-title elementor-size-default\">Proximity and unity make local commerce stronger, more attractive and more<br> competitive.<\/h2>\t\t\t\t<\/div>\n\t\t\t\t<div class=\"elementor-element elementor-element-14c9246 elementor-hidden-desktop elementor-widget elementor-widget-heading\" data-id=\"14c9246\" data-element_type=\"widget\" data-widget_type=\"heading.default\">\n\t\t\t\t\t<h2 class=\"elementor-heading-title elementor-size-default\">Proximity and unity make local commerce stronger, more attractive and more competitive.<\/h2>\t\t\t\t<\/div>\n\t\t\t\t\t<\/div>\n\t\t<\/div>\n\t\t\t\t\t<\/div>\n\t\t<\/section>\n\t\t\t\t<\/div>","protected":false},"excerpt":{"rendered":"<p>SINTA A TRADI\u00c7\u00c3O Bairro Comercial Caldas da Rainh@ https:\/\/caldasbairrocomercial.pt\/wp-content\/uploads\/2025\/10\/btlbairrocomercialcomvozv2.mp4https:\/\/caldasbairrocomercial.pt\/wp-content\/uploads\/2025\/10\/btlbairrocomercialcomvozv2.mp4https:\/\/caldasbairrocomercial.pt\/wp-content\/uploads\/2025\/10\/logo_BCCR_vid-SQUARE.mp4 Territ\u00f3rio Vivo Entre a hist\u00f3ria e o futuro Entre a hist\u00f3ria e o futuro O Bairro Comercial Caldas da Rainh@ \u00e9 uma iniciativa que visa revitalizar o com\u00e9rcio local, combinando a identidade hist\u00f3rica e cultural da cidade com as oportunidades do mundo digital. Mais do que [&hellip;]<\/p>","protected":false},"author":1,"featured_media":0,"parent":0,"menu_order":0,"comment_status":"closed","ping_status":"closed","template":"page-templates\/fullwidth-content.php","meta":{"om_disable_all_campaigns":false,"inline_featured_image":false,"_monsterinsights_skip_tracking":false,"_monsterinsights_sitenote_active":false,"_monsterinsights_sitenote_note":"","_monsterinsights_sitenote_category":0,"footnotes":""},"class_list":["post-1235","page","type-page","status-publish","hentry"],"aioseo_notices":[],"_links":{"self":[{"href":"https:\/\/caldasbairrocomercial.pt\/en\/wp-json\/wp\/v2\/pages\/1235","targetHints":{"allow":["GET"]}}],"collection":[{"href":"https:\/\/caldasbairrocomercial.pt\/en\/wp-json\/wp\/v2\/pages"}],"about":[{"href":"https:\/\/caldasbairrocomercial.pt\/en\/wp-json\/wp\/v2\/types\/page"}],"author":[{"embeddable":true,"href":"https:\/\/caldasbairrocomercial.pt\/en\/wp-json\/wp\/v2\/users\/1"}],"replies":[{"embeddable":true,"href":"https:\/\/caldasbairrocomercial.pt\/en\/wp-json\/wp\/v2\/comments?post=1235"}],"version-history":[{"count":200,"href":"https:\/\/caldasbairrocomercial.pt\/en\/wp-json\/wp\/v2\/pages\/1235\/revisions"}],"predecessor-version":[{"id":7270,"href":"https:\/\/caldasbairrocomercial.pt\/en\/wp-json\/wp\/v2\/pages\/1235\/revisions\/7270"}],"wp:attachment":[{"href":"https:\/\/caldasbairrocomercial.pt\/en\/wp-json\/wp\/v2\/media?parent=1235"}],"curies":[{"name":"wp","href":"https:\/\/api.w.org\/{rel}","templated":true}]}}