{"id":4018,"date":"2025-10-15T14:01:44","date_gmt":"2025-10-15T14:01:44","guid":{"rendered":"https:\/\/2025.caldasbairrocomercial.pt\/?page_id=4018"},"modified":"2025-11-20T17:18:38","modified_gmt":"2025-11-20T17:18:38","slug":"politica-de-cookies","status":"publish","type":"page","link":"https:\/\/caldasbairrocomercial.pt\/es\/politica-de-cookies\/","title":{"rendered":"Pol\u00edtica de cookies"},"content":{"rendered":"<div data-elementor-type=\"wp-post\" data-elementor-id=\"4018\" class=\"elementor elementor-4018\">\n\t\t\t\t\t\t<section class=\"elementor-section elementor-top-section elementor-element elementor-element-4cced21 elementor-section-boxed elementor-section-height-default elementor-section-height-default\" data-id=\"4cced21\" data-element_type=\"section\" data-settings=\"{&quot;jet_parallax_layout_list&quot;:[]}\">\n\t\t\t\t\t\t<div class=\"elementor-container elementor-column-gap-default\">\n\t\t\t\t\t<div class=\"elementor-column elementor-col-100 elementor-top-column elementor-element elementor-element-79078df\" data-id=\"79078df\" data-element_type=\"column\">\n\t\t\t<div class=\"elementor-widget-wrap elementor-element-populated\">\n\t\t\t\t\t\t<div class=\"elementor-element elementor-element-3cd2a72 elementor-hidden-tablet elementor-hidden-mobile elementor-widget elementor-widget-heading\" data-id=\"3cd2a72\" data-element_type=\"widget\" data-widget_type=\"heading.default\">\n\t\t\t\t\t<h1 class=\"elementor-heading-title elementor-size-default\"><span style=\"font-weight:700\">Pol\u00edtica de cookies<\/span><\/h1>\t\t\t\t<\/div>\n\t\t\t\t<div class=\"elementor-element elementor-element-bd252f6 elementor-hidden-desktop elementor-widget elementor-widget-heading\" data-id=\"bd252f6\" data-element_type=\"widget\" data-widget_type=\"heading.default\">\n\t\t\t\t\t<h2 class=\"elementor-heading-title elementor-size-default\"><span style=\"font-weight:700\">Pol\u00edtica de cookies<\/span><\/h2>\t\t\t\t<\/div>\n\t\t\t\t<div class=\"elementor-element elementor-element-8522c28 elementor-widget elementor-widget-text-editor\" data-id=\"8522c28\" data-element_type=\"widget\" id=\"inicio\" data-widget_type=\"text-editor.default\">\n\t\t\t\t\t\t\t\t\t<p style=\"font-size: 24px; margin-bottom: 30px;\"><span style=\"font-weight: bold;\">\u00bfQu\u00e9 son las cookies?<\/span><\/p><p align=\"left\">\u201cLas \u201dcookies\" son peque\u00f1as etiquetas de software que se almacenan en los dispositivos (ordenador, tableta, smartphone, etc.) con acceso al navegador cuando se visita un sitio web. Estas etiquetas solo conservan informaci\u00f3n relacionada con las preferencias y, por tanto, no incluyen datos personales.<\/p><p align=\"left\">\u00a0<\/p><p style=\"font-size: 24px; margin-bottom: 30px;\"><span style=\"font-weight: bold;\">\u00bfPara qu\u00e9 sirven las cookies?<\/span><\/p><p align=\"left\">Las cookies se utilizan para ayudar a determinar la utilidad, el inter\u00e9s y el n\u00famero de usos de los sitios web, permitiendo una navegaci\u00f3n m\u00e1s r\u00e1pida y eficaz al eliminar la necesidad de introducir repetidamente la misma informaci\u00f3n.<\/p><p align=\"left\">\u00a0<\/p><p style=\"font-size: 24px; margin-bottom: 30px;\"><span style=\"font-weight: bold;\">\u00bfQu\u00e9 tipo de galletas hay?<\/span><\/p><p align=\"left\">Existen dos grupos de cookies que pueden utilizarse:<\/p><ul><li><p align=\"left\">Cookies permanentes: son cookies que se almacenan en el navegador de los dispositivos de acceso (PC, m\u00f3vil y tableta) y se utilizan cada vez que se vuelve a visitar el sitio web. <span style=\"font-weight: bold;\">Barrio comercial de Caldas da Rainh@<\/span>. Generalmente se utilizan para dirigir la navegaci\u00f3n hacia los intereses del usuario, lo que permite ofrecer un servicio m\u00e1s personalizado.<\/p><\/li><li><p align=\"left\">Cookies de sesi\u00f3n: son cookies temporales que permanecen en el archivo de cookies del navegador hasta que el usuario abandona el sitio web. La informaci\u00f3n obtenida por medio de estas cookies se utiliza para analizar pautas de tr\u00e1fico en la web, lo que permite detectar problemas y ofrecer una mejor experiencia de navegaci\u00f3n.<\/p><\/li><\/ul><p>\u00a0<\/p><p style=\"font-size: 24px; margin-bottom: 30px;\"><span style=\"font-weight: bold;\">\u00bfPara qu\u00e9 utilizamos las cookies?<\/span><\/p><ul><li><p align=\"left\">Cookies estrictamente necesarias: le permiten navegar por el sitio web y utilizar aplicaciones, as\u00ed como acceder a \u00e1reas seguras del sitio web. Sin estas cookies, no se pueden prestar los servicios necesarios.<\/p><\/li><li><p align=\"left\">Cookies anal\u00edticas - Se utilizan de forma an\u00f3nima para crear y analizar estad\u00edsticas con el fin de mejorar el funcionamiento del sitio web.<\/p><\/li><\/ul><p>\u00a0<\/p><p style=\"font-size: 24px; margin-bottom: 30px;\"><span style=\"font-weight: bold;\">Base jur\u00eddica y consentimiento<\/span><\/p><p align=\"left\">El uso de cookies no esenciales depende del consentimiento previo y expreso del usuario, de conformidad con el Reglamento (UE) 2016\/679 (GDPR) y la Ley 41\/2004, de 18 de agosto. El consentimiento puede ser revocado en cualquier momento a trav\u00e9s de la configuraci\u00f3n del navegador.<\/p><p align=\"left\">\u00a0<\/p><p style=\"font-size: 24px; margin-bottom: 30px;\"><span style=\"font-weight: bold;\">\u00bfC\u00f3mo se gestionan las cookies?<\/span><\/p><p align=\"left\">Todos los navegadores permiten al usuario aceptar, rechazar o eliminar las cookies, as\u00ed como informar al usuario cada vez que se recibe una cookie, concretamente seleccionando la configuraci\u00f3n adecuada en su navegador. El usuario puede configurar las cookies en el men\u00fa \u201copciones\u201d o \u201cpreferencias\u201d de su navegador.<\/p><p align=\"left\">Tenga en cuenta, no obstante, que la desactivaci\u00f3n de las cookies puede impedir el correcto funcionamiento de algunos servicios web, afectando, parcial o totalmente, a la navegaci\u00f3n por el sitio web.<\/p><p align=\"left\">\u00a0<\/p><p style=\"font-size: 24px; margin-bottom: 30px;\"><span style=\"font-weight: bold;\">P\u00f3ngase en contacto con<\/span><\/p><p align=\"left\">Para cualquier pregunta sobre el uso de cookies o la protecci\u00f3n de datos personales, puede ponerse en contacto con nosotros en: <a class=\"email-link\" style=\"color: #c4134a; font-weight: bold;\" href=\"mailto:caldasbairrocomercial@mcr.pt\"><span style=\"font-weight: bold;\">caldasbairrocomercial@mcr.pt<\/span><\/a><\/p><p align=\"left\">\u00a0<\/p><p style=\"font-size: 24px; margin-bottom: 30px;\"><span style=\"font-weight: bold;\">Cambios en la pol\u00edtica de cookies<\/span><\/p><p align=\"left\">La pol\u00edtica de cookies de <span style=\"font-weight: bold;\">Barrio comercial de Caldas da Rainh@<\/span> pueden actualizarse peri\u00f3dicamente para garantizar el cumplimiento de la normativa legal vigente o para reflejar mejoras en nuestros servicios.<\/p>\t\t\t\t\t\t\t\t<\/div>\n\t\t\t\t\t<\/div>\n\t\t<\/div>\n\t\t\t\t\t<\/div>\n\t\t<\/section>\n\t\t\t\t<\/div>","protected":false},"excerpt":{"rendered":"<p>Pol\u00edtica de Cookies Pol\u00edtica de Cookies O que s\u00e3o Cookies? \u201cCookies\u201d s\u00e3o pequenas etiquetas de software que s\u00e3o armazenadas em dispositivos (computador, tablet, smartphone, etc.) com acesso ao navegador (browser) ao visitar um website. Estas etiquetas ret\u00eam apenas informa\u00e7\u00e3o relacionada com as prefer\u00eancias, n\u00e3o incluindo, como tal, os dados pessoais. \u00a0 Para que servem os [&hellip;]<\/p>","protected":false},"author":1,"featured_media":0,"parent":0,"menu_order":0,"comment_status":"closed","ping_status":"closed","template":"page-templates\/fullwidth-content.php","meta":{"om_disable_all_campaigns":false,"inline_featured_image":false,"_monsterinsights_skip_tracking":false,"_monsterinsights_sitenote_active":false,"_monsterinsights_sitenote_note":"","_monsterinsights_sitenote_category":0,"footnotes":""},"class_list":["post-4018","page","type-page","status-publish","hentry"],"aioseo_notices":[],"_links":{"self":[{"href":"https:\/\/caldasbairrocomercial.pt\/es\/wp-json\/wp\/v2\/pages\/4018","targetHints":{"allow":["GET"]}}],"collection":[{"href":"https:\/\/caldasbairrocomercial.pt\/es\/wp-json\/wp\/v2\/pages"}],"about":[{"href":"https:\/\/caldasbairrocomercial.pt\/es\/wp-json\/wp\/v2\/types\/page"}],"author":[{"embeddable":true,"href":"https:\/\/caldasbairrocomercial.pt\/es\/wp-json\/wp\/v2\/users\/1"}],"replies":[{"embeddable":true,"href":"https:\/\/caldasbairrocomercial.pt\/es\/wp-json\/wp\/v2\/comments?post=4018"}],"version-history":[{"count":20,"href":"https:\/\/caldasbairrocomercial.pt\/es\/wp-json\/wp\/v2\/pages\/4018\/revisions"}],"predecessor-version":[{"id":5807,"href":"https:\/\/caldasbairrocomercial.pt\/es\/wp-json\/wp\/v2\/pages\/4018\/revisions\/5807"}],"wp:attachment":[{"href":"https:\/\/caldasbairrocomercial.pt\/es\/wp-json\/wp\/v2\/media?parent=4018"}],"curies":[{"name":"wp","href":"https:\/\/api.w.org\/{rel}","templated":true}]}}