{"id":5815,"date":"2025-12-11T18:19:07","date_gmt":"2025-12-11T18:19:07","guid":{"rendered":"https:\/\/caldasbairrocomercial.pt\/?page_id=5815"},"modified":"2026-03-23T08:41:44","modified_gmt":"2026-03-23T08:41:44","slug":"geracoes-balcoes","status":"publish","type":"page","link":"https:\/\/caldasbairrocomercial.pt\/es\/geracoes-balcoes\/","title":{"rendered":"Generaciones y ramas"},"content":{"rendered":"<div data-elementor-type=\"wp-post\" data-elementor-id=\"5815\" class=\"elementor elementor-5815\">\n\t\t\t\t\t\t<section class=\"elementor-section elementor-top-section elementor-element elementor-element-4cced21 elementor-section-boxed elementor-section-height-default elementor-section-height-default\" data-id=\"4cced21\" data-element_type=\"section\" data-settings=\"{&quot;jet_parallax_layout_list&quot;:[]}\">\n\t\t\t\t\t\t<div class=\"elementor-container elementor-column-gap-default\">\n\t\t\t\t\t<div class=\"elementor-column elementor-col-100 elementor-top-column elementor-element elementor-element-79078df\" data-id=\"79078df\" data-element_type=\"column\">\n\t\t\t<div class=\"elementor-widget-wrap elementor-element-populated\">\n\t\t\t\t\t\t<div class=\"elementor-element elementor-element-1571848 jet-breadcrumbs-align-center elementor-widget elementor-widget-jet-breadcrumbs\" data-id=\"1571848\" data-element_type=\"widget\" data-widget_type=\"jet-breadcrumbs.default\">\n\t\t\t\t<div class=\"elementor-widget-container\">\n\t\t\t\t\t<div class=\"elementor-jet-breadcrumbs jet-blocks\">\n\t\t<div class=\"jet-breadcrumbs\">\n\t\t<div class=\"jet-breadcrumbs__content\">\n\t\t<div class=\"jet-breadcrumbs__wrap\"><div class=\"jet-breadcrumbs__item\"><a href=\"https:\/\/caldasbairrocomercial.pt\/es\/\" class=\"jet-breadcrumbs__item-link is-home\" rel=\"home\" title=\"Compra local\">Compra local<\/a><\/div>\n\t\t<\/div>\n\t\t<\/div>\n\t\t<\/div><\/div>\t\t\t\t<\/div>\n\t\t\t\t<\/div>\n\t\t\t\t<div class=\"elementor-element elementor-element-3cd2a72 elementor-hidden-tablet elementor-hidden-mobile elementor-widget elementor-widget-heading\" data-id=\"3cd2a72\" data-element_type=\"widget\" data-widget_type=\"heading.default\">\n\t\t\t\t\t<h1 class=\"elementor-heading-title elementor-size-default\"><span>Espacios con historia<\/span> que<br> preservar la identidad y<br> proximidad<\/h1>\t\t\t\t<\/div>\n\t\t\t\t<div class=\"elementor-element elementor-element-bd252f6 elementor-hidden-desktop elementor-widget elementor-widget-heading\" data-id=\"bd252f6\" data-element_type=\"widget\" data-widget_type=\"heading.default\">\n\t\t\t\t\t<h2 class=\"elementor-heading-title elementor-size-default\"><span>Espacios con historia<\/span> que preservan la identidad y la proximidad<\/h2>\t\t\t\t<\/div>\n\t\t\t\t<div class=\"elementor-element elementor-element-8dc630a jet-nav-align-center podcast-menu elementor-widget elementor-widget-jet-nav-menu\" data-id=\"8dc630a\" data-element_type=\"widget\" data-widget_type=\"jet-nav-menu.default\">\n\t\t\t\t<div class=\"elementor-widget-container\">\n\t\t\t\t\t<nav class=\"jet-nav-wrap m-layout-mobile\"><div class=\"menu-comercios-container\"><div class=\"jet-nav m-layout-mobile jet-nav--horizontal\"><div class=\"menu-item menu-item-type-post_type menu-item-object-page jet-nav__item-5810 jet-nav__item\"><a href=\"https:\/\/caldasbairrocomercial.pt\/es\/comercia-com-tradicao\/\" class=\"menu-item-link menu-item-link-depth-0 menu-item-link-top\"><span class=\"jet-nav-link-text\">Comercio con tradici\u00f3n<\/span><\/a><\/div>\n<div class=\"menu-item menu-item-type-post_type menu-item-object-page jet-nav__item-5831 jet-nav__item\"><a href=\"https:\/\/caldasbairrocomercial.pt\/es\/geracoes-balcoes\/\" class=\"menu-item-link menu-item-link-depth-0 menu-item-link-top\"><span class=\"jet-nav-link-text\">Generaciones y ramas<\/span><\/a><\/div>\n<\/div><\/div><\/nav>\t\t\t\t<\/div>\n\t\t\t\t<\/div>\n\t\t\t\t<div class=\"elementor-element elementor-element-d9cb1b7 elementor-hidden-tablet elementor-hidden-mobile elementor-widget-divider--view-line elementor-widget elementor-widget-divider\" data-id=\"d9cb1b7\" data-element_type=\"widget\" data-widget_type=\"divider.default\">\n\t\t\t\t\t\t\t<div class=\"elementor-divider\">\n\t\t\t<span class=\"elementor-divider-separator\">\n\t\t\t\t\t\t<\/span>\n\t\t<\/div>\n\t\t\t\t\t\t<\/div>\n\t\t\t\t\t<\/div>\n\t\t<\/div>\n\t\t\t\t\t<\/div>\n\t\t<\/section>\n\t\t\t\t<section class=\"elementor-section elementor-top-section elementor-element elementor-element-145c552 elementor-section-boxed elementor-section-height-default elementor-section-height-default\" data-id=\"145c552\" data-element_type=\"section\" id=\"inicio\" data-settings=\"{&quot;jet_parallax_layout_list&quot;:[],&quot;background_background&quot;:&quot;classic&quot;}\">\n\t\t\t\t\t\t<div class=\"elementor-container elementor-column-gap-default\">\n\t\t\t\t\t<div class=\"elementor-column elementor-col-50 elementor-top-column elementor-element elementor-element-c843124\" data-id=\"c843124\" data-element_type=\"column\">\n\t\t\t<div class=\"elementor-widget-wrap elementor-element-populated\">\n\t\t\t\t\t\t<div class=\"elementor-element elementor-element-3243e5d elementor-widget elementor-widget-image\" data-id=\"3243e5d\" data-element_type=\"widget\" data-widget_type=\"image.default\">\n\t\t\t\t\t\t\t\t\t\t\t\t\t\t\t<img fetchpriority=\"high\" decoding=\"async\" width=\"1004\" height=\"1024\" src=\"https:\/\/caldasbairrocomercial.pt\/wp-content\/uploads\/2025\/12\/Group-2124.svg\" class=\"attachment-large size-large wp-image-5827\" alt=\"\" \/>\t\t\t\t\t\t\t\t\t\t\t\t\t\t\t<\/div>\n\t\t\t\t\t<\/div>\n\t\t<\/div>\n\t\t\t\t<div class=\"elementor-column elementor-col-50 elementor-top-column elementor-element elementor-element-649f0d3\" data-id=\"649f0d3\" data-element_type=\"column\">\n\t\t\t<div class=\"elementor-widget-wrap elementor-element-populated\">\n\t\t\t\t\t\t<div class=\"elementor-element elementor-element-04cf8ca elementor-widget elementor-widget-heading\" data-id=\"04cf8ca\" data-element_type=\"widget\" data-widget_type=\"heading.default\">\n\t\t\t\t\t<h2 class=\"elementor-heading-title elementor-size-default\">Generaciones y ramas<\/h2>\t\t\t\t<\/div>\n\t\t\t\t<div class=\"elementor-element elementor-element-37b464a elementor-invisible elementor-widget elementor-widget-heading\" data-id=\"37b464a\" data-element_type=\"widget\" data-settings=\"{&quot;_animation&quot;:&quot;fadeInUp&quot;}\" data-widget_type=\"heading.default\">\n\t\t\t\t\t<h2 class=\"elementor-heading-title elementor-size-default\">Rostros que hacen ciudad<\/h2>\t\t\t\t<\/div>\n\t\t\t\t<div class=\"elementor-element elementor-element-cd8a89f elementor-widget elementor-widget-text-editor\" data-id=\"cd8a89f\" data-element_type=\"widget\" data-widget_type=\"text-editor.default\">\n\t\t\t\t\t\t\t\t\t<p>En Caldas da Rainha, el comercio local se nutre de la proximidad y de la autenticidad de quienes est\u00e1n cada d\u00eda detr\u00e1s del mostrador. Son rostros que atraviesan generaciones, mantienen tradiciones y preservan la identidad de la ciudad.<br \/><br \/>En esta secci\u00f3n destacamos a las personas que acogen, asesoran y crean v\u00ednculos con la comunidad, verdaderos guardianes de un oficio que forma parte del patrimonio vivo de Caldas.<\/p>\t\t\t\t\t\t\t\t<\/div>\n\t\t\t\t\t<\/div>\n\t\t<\/div>\n\t\t\t\t\t<\/div>\n\t\t<\/section>\n\t\t\t\t<section class=\"elementor-section elementor-top-section elementor-element elementor-element-bbf5090 elementor-section-boxed elementor-section-height-default elementor-section-height-default\" data-id=\"bbf5090\" data-element_type=\"section\" data-settings=\"{&quot;jet_parallax_layout_list&quot;:[]}\">\n\t\t\t\t\t\t<div class=\"elementor-container elementor-column-gap-default\">\n\t\t\t\t\t<div class=\"elementor-column elementor-col-100 elementor-top-column elementor-element elementor-element-0d98046\" data-id=\"0d98046\" data-element_type=\"column\">\n\t\t\t<div class=\"elementor-widget-wrap elementor-element-populated\">\n\t\t\t\t\t\t<div class=\"elementor-element elementor-element-438e7d6 gallery-spacing-custom elementor-hidden-mobile galeria-balcoes elementor-widget elementor-widget-image-gallery\" data-id=\"438e7d6\" data-element_type=\"widget\" data-widget_type=\"image-gallery.default\">\n\t\t\t\t\t\t\t<div class=\"elementor-image-gallery\">\n\t\t\t<div id='gallery-1' class='gallery galleryid-5815 gallery-columns-4 gallery-size-full'><figure class='gallery-item'>\n\t\t\t<div class='gallery-icon portrait'>\n\t\t\t\t<a data-elementor-open-lightbox=\"yes\" data-elementor-lightbox-slideshow=\"438e7d6\" data-elementor-lightbox-title=\"Drogaria do Sr. Carlos\" data-e-action-hash=\"#elementor-action%3Aaction%3Dlightbox%26settings%3DeyJpZCI6NjA3NywidXJsIjoiaHR0cHM6XC9cL2NhbGRhc2JhaXJyb2NvbWVyY2lhbC5wdFwvd3AtY29udGVudFwvdXBsb2Fkc1wvMjAyNVwvMTJcLzU5MDQxNTE0NV8xNzg3OTgwOTk4MDQyNzU3MV81MjY5MzYzNzE0MjY5OTY5NDQyX24tMS5wbmciLCJzbGlkZXNob3ciOiI0MzhlN2Q2In0%3D\" href='https:\/\/caldasbairrocomercial.pt\/wp-content\/uploads\/2025\/12\/590415145_17879809980427571_5269363714269969442_n-1.png'><img decoding=\"async\" width=\"906\" height=\"1134\" src=\"https:\/\/caldasbairrocomercial.pt\/wp-content\/uploads\/2025\/12\/590415145_17879809980427571_5269363714269969442_n-1.png\" class=\"attachment-full size-full\" alt=\"\" aria-describedby=\"gallery-1-6077\" srcset=\"https:\/\/caldasbairrocomercial.pt\/wp-content\/uploads\/2025\/12\/590415145_17879809980427571_5269363714269969442_n-1.png 906w, https:\/\/caldasbairrocomercial.pt\/wp-content\/uploads\/2025\/12\/590415145_17879809980427571_5269363714269969442_n-1-240x300.png 240w, https:\/\/caldasbairrocomercial.pt\/wp-content\/uploads\/2025\/12\/590415145_17879809980427571_5269363714269969442_n-1-818x1024.png 818w, https:\/\/caldasbairrocomercial.pt\/wp-content\/uploads\/2025\/12\/590415145_17879809980427571_5269363714269969442_n-1-768x961.png 768w, https:\/\/caldasbairrocomercial.pt\/wp-content\/uploads\/2025\/12\/590415145_17879809980427571_5269363714269969442_n-1-600x751.png 600w\" sizes=\"(max-width: 906px) 100vw, 906px\" \/><\/a>\n\t\t\t<\/div>\n\t\t\t\t<figcaption class='wp-caption-text gallery-caption' id='gallery-1-6077'>\n\t\t\t\tFarmacia del Sr. Carlos\n\t\t\t\t<\/figcaption><\/figure><figure class='gallery-item'>\n\t\t\t<div class='gallery-icon portrait'>\n\t\t\t\t<a data-elementor-open-lightbox=\"yes\" data-elementor-lightbox-slideshow=\"438e7d6\" data-elementor-lightbox-title=\"Casa Varela\" data-e-action-hash=\"#elementor-action%3Aaction%3Dlightbox%26settings%3DeyJpZCI6NjA4MywidXJsIjoiaHR0cHM6XC9cL2NhbGRhc2JhaXJyb2NvbWVyY2lhbC5wdFwvd3AtY29udGVudFwvdXBsb2Fkc1wvMjAyNVwvMTJcLzU1MjE4MjUxNV8xNzg3MzA3ODM5MTQyNzU3MV81MzA5NzA3NDE2MDc5MDMyNDgzX24tMS5wbmciLCJzbGlkZXNob3ciOiI0MzhlN2Q2In0%3D\" href='https:\/\/caldasbairrocomercial.pt\/wp-content\/uploads\/2025\/12\/552182515_17873078391427571_5309707416079032483_n-1.png'><img decoding=\"async\" width=\"906\" height=\"1134\" src=\"https:\/\/caldasbairrocomercial.pt\/wp-content\/uploads\/2025\/12\/552182515_17873078391427571_5309707416079032483_n-1.png\" class=\"attachment-full size-full\" alt=\"\" aria-describedby=\"gallery-1-6083\" srcset=\"https:\/\/caldasbairrocomercial.pt\/wp-content\/uploads\/2025\/12\/552182515_17873078391427571_5309707416079032483_n-1.png 906w, https:\/\/caldasbairrocomercial.pt\/wp-content\/uploads\/2025\/12\/552182515_17873078391427571_5309707416079032483_n-1-240x300.png 240w, https:\/\/caldasbairrocomercial.pt\/wp-content\/uploads\/2025\/12\/552182515_17873078391427571_5309707416079032483_n-1-818x1024.png 818w, https:\/\/caldasbairrocomercial.pt\/wp-content\/uploads\/2025\/12\/552182515_17873078391427571_5309707416079032483_n-1-768x961.png 768w, https:\/\/caldasbairrocomercial.pt\/wp-content\/uploads\/2025\/12\/552182515_17873078391427571_5309707416079032483_n-1-600x751.png 600w\" sizes=\"(max-width: 906px) 100vw, 906px\" \/><\/a>\n\t\t\t<\/div>\n\t\t\t\t<figcaption class='wp-caption-text gallery-caption' id='gallery-1-6083'>\n\t\t\t\tCasa Varela\n\t\t\t\t<\/figcaption><\/figure><figure class='gallery-item'>\n\t\t\t<div class='gallery-icon portrait'>\n\t\t\t\t<a data-elementor-open-lightbox=\"yes\" data-elementor-lightbox-slideshow=\"438e7d6\" data-elementor-lightbox-title=\"Surfoz\" data-e-action-hash=\"#elementor-action%3Aaction%3Dlightbox%26settings%3DeyJpZCI6NjA4MSwidXJsIjoiaHR0cHM6XC9cL2NhbGRhc2JhaXJyb2NvbWVyY2lhbC5wdFwvd3AtY29udGVudFwvdXBsb2Fkc1wvMjAyNVwvMTJcLzU0MTczNzMwOF8xNzg3MDcwODA4ODQyNzU3MV81OTk4MjQ5MjUzNTgwMDExMjRfbi0xLnBuZyIsInNsaWRlc2hvdyI6IjQzOGU3ZDYifQ%3D%3D\" href='https:\/\/caldasbairrocomercial.pt\/wp-content\/uploads\/2025\/12\/541737308_17870708088427571_599824925358001124_n-1.png'><img loading=\"lazy\" decoding=\"async\" width=\"906\" height=\"1134\" src=\"https:\/\/caldasbairrocomercial.pt\/wp-content\/uploads\/2025\/12\/541737308_17870708088427571_599824925358001124_n-1.png\" class=\"attachment-full size-full\" alt=\"\" aria-describedby=\"gallery-1-6081\" srcset=\"https:\/\/caldasbairrocomercial.pt\/wp-content\/uploads\/2025\/12\/541737308_17870708088427571_599824925358001124_n-1.png 906w, https:\/\/caldasbairrocomercial.pt\/wp-content\/uploads\/2025\/12\/541737308_17870708088427571_599824925358001124_n-1-240x300.png 240w, https:\/\/caldasbairrocomercial.pt\/wp-content\/uploads\/2025\/12\/541737308_17870708088427571_599824925358001124_n-1-818x1024.png 818w, https:\/\/caldasbairrocomercial.pt\/wp-content\/uploads\/2025\/12\/541737308_17870708088427571_599824925358001124_n-1-768x961.png 768w, https:\/\/caldasbairrocomercial.pt\/wp-content\/uploads\/2025\/12\/541737308_17870708088427571_599824925358001124_n-1-600x751.png 600w\" sizes=\"(max-width: 906px) 100vw, 906px\" \/><\/a>\n\t\t\t<\/div>\n\t\t\t\t<figcaption class='wp-caption-text gallery-caption' id='gallery-1-6081'>\n\t\t\t\tSurfoz\n\t\t\t\t<\/figcaption><\/figure><figure class='gallery-item'>\n\t\t\t<div class='gallery-icon portrait'>\n\t\t\t\t<a data-elementor-open-lightbox=\"yes\" data-elementor-lightbox-slideshow=\"438e7d6\" data-elementor-lightbox-title=\"Oculista do Parque\" data-e-action-hash=\"#elementor-action%3Aaction%3Dlightbox%26settings%3DeyJpZCI6NjA4MiwidXJsIjoiaHR0cHM6XC9cL2NhbGRhc2JhaXJyb2NvbWVyY2lhbC5wdFwvd3AtY29udGVudFwvdXBsb2Fkc1wvMjAyNVwvMTJcLzU1MDg4NTQwNl8xNzg3MjU2ODM0MzQyNzU3MV8xMzk1NzQ5NTAyMzYyMDY4OTNfbi0xLnBuZyIsInNsaWRlc2hvdyI6IjQzOGU3ZDYifQ%3D%3D\" href='https:\/\/caldasbairrocomercial.pt\/wp-content\/uploads\/2025\/12\/550885406_17872568343427571_139574950236206893_n-1.png'><img loading=\"lazy\" decoding=\"async\" width=\"906\" height=\"1134\" src=\"https:\/\/caldasbairrocomercial.pt\/wp-content\/uploads\/2025\/12\/550885406_17872568343427571_139574950236206893_n-1.png\" class=\"attachment-full size-full\" alt=\"\" aria-describedby=\"gallery-1-6082\" srcset=\"https:\/\/caldasbairrocomercial.pt\/wp-content\/uploads\/2025\/12\/550885406_17872568343427571_139574950236206893_n-1.png 906w, https:\/\/caldasbairrocomercial.pt\/wp-content\/uploads\/2025\/12\/550885406_17872568343427571_139574950236206893_n-1-240x300.png 240w, https:\/\/caldasbairrocomercial.pt\/wp-content\/uploads\/2025\/12\/550885406_17872568343427571_139574950236206893_n-1-818x1024.png 818w, https:\/\/caldasbairrocomercial.pt\/wp-content\/uploads\/2025\/12\/550885406_17872568343427571_139574950236206893_n-1-768x961.png 768w, https:\/\/caldasbairrocomercial.pt\/wp-content\/uploads\/2025\/12\/550885406_17872568343427571_139574950236206893_n-1-600x751.png 600w\" sizes=\"(max-width: 906px) 100vw, 906px\" \/><\/a>\n\t\t\t<\/div>\n\t\t\t\t<figcaption class='wp-caption-text gallery-caption' id='gallery-1-6082'>\n\t\t\t\t\u00d3ptica Park\n\t\t\t\t<\/figcaption><\/figure><figure class='gallery-item'>\n\t\t\t<div class='gallery-icon portrait'>\n\t\t\t\t<a data-elementor-open-lightbox=\"yes\" data-elementor-lightbox-slideshow=\"438e7d6\" data-elementor-lightbox-title=\"Bom Tom Sapataria\" data-e-action-hash=\"#elementor-action%3Aaction%3Dlightbox%26settings%3DeyJpZCI6NjA4NCwidXJsIjoiaHR0cHM6XC9cL2NhbGRhc2JhaXJyb2NvbWVyY2lhbC5wdFwvd3AtY29udGVudFwvdXBsb2Fkc1wvMjAyNVwvMTJcLzU5MDQxNTE0NV8xNzg3OTgwOTk4MDQyNzU3MV81MjY5MzYzNzE0MjY5OTY5NDQyX24tNS5wbmciLCJzbGlkZXNob3ciOiI0MzhlN2Q2In0%3D\" href='https:\/\/caldasbairrocomercial.pt\/wp-content\/uploads\/2025\/12\/590415145_17879809980427571_5269363714269969442_n-5.png'><img loading=\"lazy\" decoding=\"async\" width=\"906\" height=\"1134\" src=\"https:\/\/caldasbairrocomercial.pt\/wp-content\/uploads\/2025\/12\/590415145_17879809980427571_5269363714269969442_n-5.png\" class=\"attachment-full size-full\" alt=\"\" aria-describedby=\"gallery-1-6084\" srcset=\"https:\/\/caldasbairrocomercial.pt\/wp-content\/uploads\/2025\/12\/590415145_17879809980427571_5269363714269969442_n-5.png 906w, https:\/\/caldasbairrocomercial.pt\/wp-content\/uploads\/2025\/12\/590415145_17879809980427571_5269363714269969442_n-5-240x300.png 240w, https:\/\/caldasbairrocomercial.pt\/wp-content\/uploads\/2025\/12\/590415145_17879809980427571_5269363714269969442_n-5-818x1024.png 818w, https:\/\/caldasbairrocomercial.pt\/wp-content\/uploads\/2025\/12\/590415145_17879809980427571_5269363714269969442_n-5-768x961.png 768w, https:\/\/caldasbairrocomercial.pt\/wp-content\/uploads\/2025\/12\/590415145_17879809980427571_5269363714269969442_n-5-600x751.png 600w\" sizes=\"(max-width: 906px) 100vw, 906px\" \/><\/a>\n\t\t\t<\/div>\n\t\t\t\t<figcaption class='wp-caption-text gallery-caption' id='gallery-1-6084'>\n\t\t\t\tBomTom Zapater\u00eda\n\t\t\t\t<\/figcaption><\/figure><figure class='gallery-item'>\n\t\t\t<div class='gallery-icon portrait'>\n\t\t\t\t<a data-elementor-open-lightbox=\"yes\" data-elementor-lightbox-slideshow=\"438e7d6\" data-elementor-lightbox-title=\"651060906_122172629588764044_4178859217606900709_n\" data-e-action-hash=\"#elementor-action%3Aaction%3Dlightbox%26settings%3DeyJpZCI6NzYxMiwidXJsIjoiaHR0cHM6XC9cL2NhbGRhc2JhaXJyb2NvbWVyY2lhbC5wdFwvd3AtY29udGVudFwvdXBsb2Fkc1wvMjAyNlwvMDNcLzY1MTA2MDkwNl8xMjIxNzI2Mjk1ODg3NjQwNDRfNDE3ODg1OTIxNzYwNjkwMDcwOV9uLmpwZyIsInNsaWRlc2hvdyI6IjQzOGU3ZDYifQ%3D%3D\" href='https:\/\/caldasbairrocomercial.pt\/wp-content\/uploads\/2026\/03\/651060906_122172629588764044_4178859217606900709_n.jpg'><img loading=\"lazy\" decoding=\"async\" width=\"864\" height=\"1080\" src=\"https:\/\/caldasbairrocomercial.pt\/wp-content\/uploads\/2026\/03\/651060906_122172629588764044_4178859217606900709_n.jpg\" class=\"attachment-full size-full\" alt=\"\" aria-describedby=\"gallery-1-7612\" srcset=\"https:\/\/caldasbairrocomercial.pt\/wp-content\/uploads\/2026\/03\/651060906_122172629588764044_4178859217606900709_n.jpg 864w, https:\/\/caldasbairrocomercial.pt\/wp-content\/uploads\/2026\/03\/651060906_122172629588764044_4178859217606900709_n-240x300.jpg 240w, https:\/\/caldasbairrocomercial.pt\/wp-content\/uploads\/2026\/03\/651060906_122172629588764044_4178859217606900709_n-819x1024.jpg 819w, https:\/\/caldasbairrocomercial.pt\/wp-content\/uploads\/2026\/03\/651060906_122172629588764044_4178859217606900709_n-768x960.jpg 768w, https:\/\/caldasbairrocomercial.pt\/wp-content\/uploads\/2026\/03\/651060906_122172629588764044_4178859217606900709_n-10x12.jpg 10w, https:\/\/caldasbairrocomercial.pt\/wp-content\/uploads\/2026\/03\/651060906_122172629588764044_4178859217606900709_n-600x750.jpg 600w\" sizes=\"(max-width: 864px) 100vw, 864px\" \/><\/a>\n\t\t\t<\/div>\n\t\t\t\t<figcaption class='wp-caption-text gallery-caption' id='gallery-1-7612'>\n\t\t\t\tPasteler\u00eda Bah\u00eda\n\t\t\t\t<\/figcaption><\/figure>\n\t\t<\/div>\n\t\t<\/div>\n\t\t\t\t\t\t<\/div>\n\t\t\t\t<div class=\"elementor-element elementor-element-012690e gallery-spacing-custom elementor-hidden-desktop elementor-hidden-tablet elementor-widget elementor-widget-image-gallery\" data-id=\"012690e\" data-element_type=\"widget\" data-widget_type=\"image-gallery.default\">\n\t\t\t\t\t\t\t<div class=\"elementor-image-gallery\">\n\t\t\t<div id='gallery-2' class='gallery galleryid-5815 gallery-columns-1 gallery-size-full'><figure class='gallery-item'>\n\t\t\t<div class='gallery-icon portrait'>\n\t\t\t\t<a data-elementor-open-lightbox=\"yes\" data-elementor-lightbox-slideshow=\"012690e\" data-elementor-lightbox-title=\"Drogaria do Sr. Carlos\" data-e-action-hash=\"#elementor-action%3Aaction%3Dlightbox%26settings%3DeyJpZCI6NTgxOSwidXJsIjoiaHR0cHM6XC9cL2NhbGRhc2JhaXJyb2NvbWVyY2lhbC5wdFwvd3AtY29udGVudFwvdXBsb2Fkc1wvMjAyNVwvMTJcLzEuc3ZnIiwic2xpZGVzaG93IjoiMDEyNjkwZSJ9\" href='https:\/\/caldasbairrocomercial.pt\/wp-content\/uploads\/2025\/12\/1.svg'><img loading=\"lazy\" decoding=\"async\" width=\"302\" height=\"378\" src=\"https:\/\/caldasbairrocomercial.pt\/wp-content\/uploads\/2025\/12\/1.svg\" class=\"attachment-full size-full\" alt=\"\" aria-describedby=\"gallery-2-5819\" \/><\/a>\n\t\t\t<\/div>\n\t\t\t\t<figcaption class='wp-caption-text gallery-caption' id='gallery-2-5819'>\n\t\t\t\tFarmacia del Sr. Carlos\n\t\t\t\t<\/figcaption><\/figure><figure class='gallery-item'>\n\t\t\t<div class='gallery-icon portrait'>\n\t\t\t\t<a data-elementor-open-lightbox=\"yes\" data-elementor-lightbox-slideshow=\"012690e\" data-elementor-lightbox-title=\"Casa Varela\" data-e-action-hash=\"#elementor-action%3Aaction%3Dlightbox%26settings%3DeyJpZCI6NTgyMCwidXJsIjoiaHR0cHM6XC9cL2NhbGRhc2JhaXJyb2NvbWVyY2lhbC5wdFwvd3AtY29udGVudFwvdXBsb2Fkc1wvMjAyNVwvMTJcLzIuc3ZnIiwic2xpZGVzaG93IjoiMDEyNjkwZSJ9\" href='https:\/\/caldasbairrocomercial.pt\/wp-content\/uploads\/2025\/12\/2.svg'><img loading=\"lazy\" decoding=\"async\" width=\"302\" height=\"378\" src=\"https:\/\/caldasbairrocomercial.pt\/wp-content\/uploads\/2025\/12\/2.svg\" class=\"attachment-full size-full\" alt=\"\" aria-describedby=\"gallery-2-5820\" \/><\/a>\n\t\t\t<\/div>\n\t\t\t\t<figcaption class='wp-caption-text gallery-caption' id='gallery-2-5820'>\n\t\t\t\tCasa Varela\n\t\t\t\t<\/figcaption><\/figure><figure class='gallery-item'>\n\t\t\t<div class='gallery-icon portrait'>\n\t\t\t\t<a data-elementor-open-lightbox=\"yes\" data-elementor-lightbox-slideshow=\"012690e\" data-elementor-lightbox-title=\"Surfoz\" data-e-action-hash=\"#elementor-action%3Aaction%3Dlightbox%26settings%3DeyJpZCI6NTgyMSwidXJsIjoiaHR0cHM6XC9cL2NhbGRhc2JhaXJyb2NvbWVyY2lhbC5wdFwvd3AtY29udGVudFwvdXBsb2Fkc1wvMjAyNVwvMTJcLzMuc3ZnIiwic2xpZGVzaG93IjoiMDEyNjkwZSJ9\" href='https:\/\/caldasbairrocomercial.pt\/wp-content\/uploads\/2025\/12\/3.svg'><img loading=\"lazy\" decoding=\"async\" width=\"302\" height=\"378\" src=\"https:\/\/caldasbairrocomercial.pt\/wp-content\/uploads\/2025\/12\/3.svg\" class=\"attachment-full size-full\" alt=\"\" aria-describedby=\"gallery-2-5821\" \/><\/a>\n\t\t\t<\/div>\n\t\t\t\t<figcaption class='wp-caption-text gallery-caption' id='gallery-2-5821'>\n\t\t\t\tSurfoz\n\t\t\t\t<\/figcaption><\/figure><figure class='gallery-item'>\n\t\t\t<div class='gallery-icon portrait'>\n\t\t\t\t<a data-elementor-open-lightbox=\"yes\" data-elementor-lightbox-slideshow=\"012690e\" data-elementor-lightbox-title=\"Oculista do Parque\" data-e-action-hash=\"#elementor-action%3Aaction%3Dlightbox%26settings%3DeyJpZCI6NTgyMiwidXJsIjoiaHR0cHM6XC9cL2NhbGRhc2JhaXJyb2NvbWVyY2lhbC5wdFwvd3AtY29udGVudFwvdXBsb2Fkc1wvMjAyNVwvMTJcLzQuc3ZnIiwic2xpZGVzaG93IjoiMDEyNjkwZSJ9\" href='https:\/\/caldasbairrocomercial.pt\/wp-content\/uploads\/2025\/12\/4.svg'><img loading=\"lazy\" decoding=\"async\" width=\"302\" height=\"378\" src=\"https:\/\/caldasbairrocomercial.pt\/wp-content\/uploads\/2025\/12\/4.svg\" class=\"attachment-full size-full\" alt=\"\" aria-describedby=\"gallery-2-5822\" \/><\/a>\n\t\t\t<\/div>\n\t\t\t\t<figcaption class='wp-caption-text gallery-caption' id='gallery-2-5822'>\n\t\t\t\t\u00d3ptica Park\n\t\t\t\t<\/figcaption><\/figure><figure class='gallery-item'>\n\t\t\t<div class='gallery-icon portrait'>\n\t\t\t\t<a data-elementor-open-lightbox=\"yes\" data-elementor-lightbox-slideshow=\"012690e\" data-elementor-lightbox-title=\"Bom Tom Sapataria\" data-e-action-hash=\"#elementor-action%3Aaction%3Dlightbox%26settings%3DeyJpZCI6NTgyMywidXJsIjoiaHR0cHM6XC9cL2NhbGRhc2JhaXJyb2NvbWVyY2lhbC5wdFwvd3AtY29udGVudFwvdXBsb2Fkc1wvMjAyNVwvMTJcLzUuc3ZnIiwic2xpZGVzaG93IjoiMDEyNjkwZSJ9\" href='https:\/\/caldasbairrocomercial.pt\/wp-content\/uploads\/2025\/12\/5.svg'><img loading=\"lazy\" decoding=\"async\" width=\"302\" height=\"378\" src=\"https:\/\/caldasbairrocomercial.pt\/wp-content\/uploads\/2025\/12\/5.svg\" class=\"attachment-full size-full\" alt=\"\" aria-describedby=\"gallery-2-5823\" \/><\/a>\n\t\t\t<\/div>\n\t\t\t\t<figcaption class='wp-caption-text gallery-caption' id='gallery-2-5823'>\n\t\t\t\tZapater\u00eda Good Tom\n\t\t\t\t<\/figcaption><\/figure>\n\t\t<\/div>\n\t\t<\/div>\n\t\t\t\t\t\t<\/div>\n\t\t\t\t\t<\/div>\n\t\t<\/div>\n\t\t\t\t\t<\/div>\n\t\t<\/section>\n\t\t\t\t<\/div>","protected":false},"excerpt":{"rendered":"<p>Compre local Espa\u00e7os com hist\u00f3ria que preservam identidade e proximidade Espa\u00e7os com hist\u00f3ria que preservam identidade e proximidade Com\u00e9rcio com Tradi\u00e7\u00e3o Gera\u00e7\u00f5es e Balc\u00f5es Gera\u00e7\u00f5es e Balc\u00f5es Rostos que fazem a cidade Nas Caldas da Rainha, o com\u00e9rcio local vive da proximidade e da autenticidade de quem est\u00e1 diariamente atr\u00e1s do balc\u00e3o. S\u00e3o rostos que [&hellip;]<\/p>","protected":false},"author":4,"featured_media":0,"parent":0,"menu_order":0,"comment_status":"closed","ping_status":"closed","template":"page-templates\/fullwidth-content.php","meta":{"om_disable_all_campaigns":false,"inline_featured_image":false,"_monsterinsights_skip_tracking":false,"_monsterinsights_sitenote_active":false,"_monsterinsights_sitenote_note":"","_monsterinsights_sitenote_category":0,"footnotes":""},"class_list":["post-5815","page","type-page","status-publish","hentry"],"aioseo_notices":[],"_links":{"self":[{"href":"https:\/\/caldasbairrocomercial.pt\/es\/wp-json\/wp\/v2\/pages\/5815","targetHints":{"allow":["GET"]}}],"collection":[{"href":"https:\/\/caldasbairrocomercial.pt\/es\/wp-json\/wp\/v2\/pages"}],"about":[{"href":"https:\/\/caldasbairrocomercial.pt\/es\/wp-json\/wp\/v2\/types\/page"}],"author":[{"embeddable":true,"href":"https:\/\/caldasbairrocomercial.pt\/es\/wp-json\/wp\/v2\/users\/4"}],"replies":[{"embeddable":true,"href":"https:\/\/caldasbairrocomercial.pt\/es\/wp-json\/wp\/v2\/comments?post=5815"}],"version-history":[{"count":35,"href":"https:\/\/caldasbairrocomercial.pt\/es\/wp-json\/wp\/v2\/pages\/5815\/revisions"}],"predecessor-version":[{"id":7615,"href":"https:\/\/caldasbairrocomercial.pt\/es\/wp-json\/wp\/v2\/pages\/5815\/revisions\/7615"}],"wp:attachment":[{"href":"https:\/\/caldasbairrocomercial.pt\/es\/wp-json\/wp\/v2\/media?parent=5815"}],"curies":[{"name":"wp","href":"https:\/\/api.w.org\/{rel}","templated":true}]}}