{"id":4018,"date":"2025-10-15T14:01:44","date_gmt":"2025-10-15T14:01:44","guid":{"rendered":"https:\/\/2025.caldasbairrocomercial.pt\/?page_id=4018"},"modified":"2025-11-20T17:18:38","modified_gmt":"2025-11-20T17:18:38","slug":"politica-de-cookies","status":"publish","type":"page","link":"https:\/\/caldasbairrocomercial.pt\/fr\/politica-de-cookies\/","title":{"rendered":"Politique en mati\u00e8re de cookies"},"content":{"rendered":"<div data-elementor-type=\"wp-post\" data-elementor-id=\"4018\" class=\"elementor elementor-4018\">\n\t\t\t\t\t\t<section class=\"elementor-section elementor-top-section elementor-element elementor-element-4cced21 elementor-section-boxed elementor-section-height-default elementor-section-height-default\" data-id=\"4cced21\" data-element_type=\"section\" data-settings=\"{&quot;jet_parallax_layout_list&quot;:[]}\">\n\t\t\t\t\t\t<div class=\"elementor-container elementor-column-gap-default\">\n\t\t\t\t\t<div class=\"elementor-column elementor-col-100 elementor-top-column elementor-element elementor-element-79078df\" data-id=\"79078df\" data-element_type=\"column\">\n\t\t\t<div class=\"elementor-widget-wrap elementor-element-populated\">\n\t\t\t\t\t\t<div class=\"elementor-element elementor-element-3cd2a72 elementor-hidden-tablet elementor-hidden-mobile elementor-widget elementor-widget-heading\" data-id=\"3cd2a72\" data-element_type=\"widget\" data-widget_type=\"heading.default\">\n\t\t\t\t\t<h1 class=\"elementor-heading-title elementor-size-default\"><span style=\"font-weight:700\">Politique en mati\u00e8re de cookies<\/span><\/h1>\t\t\t\t<\/div>\n\t\t\t\t<div class=\"elementor-element elementor-element-bd252f6 elementor-hidden-desktop elementor-widget elementor-widget-heading\" data-id=\"bd252f6\" data-element_type=\"widget\" data-widget_type=\"heading.default\">\n\t\t\t\t\t<h2 class=\"elementor-heading-title elementor-size-default\"><span style=\"font-weight:700\">Politique en mati\u00e8re de cookies<\/span><\/h2>\t\t\t\t<\/div>\n\t\t\t\t<div class=\"elementor-element elementor-element-8522c28 elementor-widget elementor-widget-text-editor\" data-id=\"8522c28\" data-element_type=\"widget\" id=\"inicio\" data-widget_type=\"text-editor.default\">\n\t\t\t\t\t\t\t\t\t<p style=\"font-size: 24px; margin-bottom: 30px;\"><span style=\"font-weight: bold;\">Qu'est-ce qu'un biscuit ?<\/span><\/p><p align=\"left\">\u201cLes \u201d cookies \" sont de petites balises logicielles qui sont stock\u00e9es sur les appareils (ordinateur, tablette, smartphone, etc.) disposant d'un acc\u00e8s au navigateur lors de la visite d'un site internet. Ces balises ne conservent que des informations li\u00e9es aux pr\u00e9f\u00e9rences et n'incluent donc pas de donn\u00e9es personnelles.<\/p><p align=\"left\">\u00a0<\/p><p style=\"font-size: 24px; margin-bottom: 30px;\"><span style=\"font-weight: bold;\">\u00c0 quoi servent les cookies ?<\/span><\/p><p align=\"left\">Les cookies sont utilis\u00e9s pour aider \u00e0 d\u00e9terminer l'utilit\u00e9, l'int\u00e9r\u00eat et le nombre d'utilisations des sites web, permettant une navigation plus rapide et plus efficace en \u00e9liminant la n\u00e9cessit\u00e9 de saisir plusieurs fois les m\u00eames informations.<\/p><p align=\"left\">\u00a0<\/p><p style=\"font-size: 24px; margin-bottom: 30px;\"><span style=\"font-weight: bold;\">Quels sont les types de biscuits ?<\/span><\/p><p align=\"left\">Deux groupes de cookies peuvent \u00eatre utilis\u00e9s :<\/p><ul><li><p align=\"left\">Cookies permanents - il s'agit de cookies qui sont stock\u00e9s dans le navigateur sur les dispositifs d'acc\u00e8s (PC, mobile et tablette) et qui sont utilis\u00e9s chaque fois que vous visitez \u00e0 nouveau le site web. <span style=\"font-weight: bold;\">Caldas da Rainh@ quartier commer\u00e7ant<\/span>. Ils sont g\u00e9n\u00e9ralement utilis\u00e9s pour orienter la navigation en fonction des int\u00e9r\u00eats de l'utilisateur, ce qui permet de fournir un service plus personnalis\u00e9.<\/p><\/li><li><p align=\"left\">Cookies de session - il s'agit de cookies temporaires qui restent dans le fichier de cookies du navigateur jusqu'\u00e0 ce que vous quittiez le site web. Les informations obtenues par ces cookies sont utilis\u00e9es pour analyser les mod\u00e8les de trafic web, ce qui permet d'identifier les probl\u00e8mes et d'offrir une meilleure exp\u00e9rience de navigation.<\/p><\/li><\/ul><p>\u00a0<\/p><p style=\"font-size: 24px; margin-bottom: 30px;\"><span style=\"font-weight: bold;\">Pourquoi utilisons-nous des cookies ?<\/span><\/p><ul><li><p align=\"left\">Cookies strictement n\u00e9cessaires - Ils vous permettent de naviguer sur le site web et d'utiliser des applications, ainsi que d'acc\u00e9der \u00e0 des zones s\u00e9curis\u00e9es du site web. Sans ces cookies, les services n\u00e9cessaires ne peuvent \u00eatre fournis.<\/p><\/li><li><p align=\"left\">Cookies analytiques - Ils sont utilis\u00e9s de mani\u00e8re anonyme pour cr\u00e9er et analyser des statistiques afin d'am\u00e9liorer le fonctionnement du site web.<\/p><\/li><\/ul><p>\u00a0<\/p><p style=\"font-size: 24px; margin-bottom: 30px;\"><span style=\"font-weight: bold;\">Base juridique et consentement<\/span><\/p><p align=\"left\">L'utilisation de cookies non essentiels d\u00e9pend du consentement expr\u00e8s pr\u00e9alable de l'utilisateur, conform\u00e9ment au r\u00e8glement (UE) 2016\/679 (GDPR) et \u00e0 la loi 41\/2004 du 18 ao\u00fbt. Le consentement peut \u00eatre r\u00e9voqu\u00e9 \u00e0 tout moment via les param\u00e8tres du navigateur.<\/p><p align=\"left\">\u00a0<\/p><p style=\"font-size: 24px; margin-bottom: 30px;\"><span style=\"font-weight: bold;\">Comment g\u00e9rer les cookies ?<\/span><\/p><p align=\"left\">Tous les navigateurs permettent \u00e0 l'utilisateur d'accepter, de refuser ou de supprimer les cookies, et l'informent \u00e9galement de la r\u00e9ception d'un cookie, notamment en s\u00e9lectionnant les param\u00e8tres appropri\u00e9s dans leur navigateur. L'utilisateur peut configurer les cookies dans le menu \u201coptions\u201d ou \u201cpr\u00e9f\u00e9rences\u201d de son navigateur.<\/p><p align=\"left\">Veuillez toutefois noter que la d\u00e9sactivation des cookies peut emp\u00eacher certains services web de fonctionner correctement, affectant ainsi, partiellement ou totalement, la navigation sur le site web.<\/p><p align=\"left\">\u00a0<\/p><p style=\"font-size: 24px; margin-bottom: 30px;\"><span style=\"font-weight: bold;\">Contact<\/span><\/p><p align=\"left\">Pour toute question concernant l'utilisation des cookies ou la protection des donn\u00e9es personnelles, vous pouvez nous contacter \u00e0 l'adresse suivante : <a class=\"email-link\" style=\"color: #c4134a; font-weight: bold;\" href=\"mailto:caldasbairrocomercial@mcr.pt\"><span style=\"font-weight: bold;\">caldasbairrocomercial@mcr.pt<\/span><\/a><\/p><p align=\"left\">\u00a0<\/p><p style=\"font-size: 24px; margin-bottom: 30px;\"><span style=\"font-weight: bold;\">Modifications de la politique en mati\u00e8re de cookies<\/span><\/p><p align=\"left\">La politique en mati\u00e8re de cookies de <span style=\"font-weight: bold;\">Caldas da Rainh@ quartier commer\u00e7ant<\/span> peuvent \u00eatre mises \u00e0 jour p\u00e9riodiquement afin d'assurer la conformit\u00e9 avec les r\u00e9glementations l\u00e9gales en vigueur ou de refl\u00e9ter les am\u00e9liorations apport\u00e9es \u00e0 nos services.<\/p>\t\t\t\t\t\t\t\t<\/div>\n\t\t\t\t\t<\/div>\n\t\t<\/div>\n\t\t\t\t\t<\/div>\n\t\t<\/section>\n\t\t\t\t<\/div>","protected":false},"excerpt":{"rendered":"<p>Pol\u00edtica de Cookies Pol\u00edtica de Cookies O que s\u00e3o Cookies? \u201cCookies\u201d s\u00e3o pequenas etiquetas de software que s\u00e3o armazenadas em dispositivos (computador, tablet, smartphone, etc.) com acesso ao navegador (browser) ao visitar um website. Estas etiquetas ret\u00eam apenas informa\u00e7\u00e3o relacionada com as prefer\u00eancias, n\u00e3o incluindo, como tal, os dados pessoais. \u00a0 Para que servem os [&hellip;]<\/p>","protected":false},"author":1,"featured_media":0,"parent":0,"menu_order":0,"comment_status":"closed","ping_status":"closed","template":"page-templates\/fullwidth-content.php","meta":{"om_disable_all_campaigns":false,"inline_featured_image":false,"_monsterinsights_skip_tracking":false,"_monsterinsights_sitenote_active":false,"_monsterinsights_sitenote_note":"","_monsterinsights_sitenote_category":0,"footnotes":""},"class_list":["post-4018","page","type-page","status-publish","hentry"],"aioseo_notices":[],"_links":{"self":[{"href":"https:\/\/caldasbairrocomercial.pt\/fr\/wp-json\/wp\/v2\/pages\/4018","targetHints":{"allow":["GET"]}}],"collection":[{"href":"https:\/\/caldasbairrocomercial.pt\/fr\/wp-json\/wp\/v2\/pages"}],"about":[{"href":"https:\/\/caldasbairrocomercial.pt\/fr\/wp-json\/wp\/v2\/types\/page"}],"author":[{"embeddable":true,"href":"https:\/\/caldasbairrocomercial.pt\/fr\/wp-json\/wp\/v2\/users\/1"}],"replies":[{"embeddable":true,"href":"https:\/\/caldasbairrocomercial.pt\/fr\/wp-json\/wp\/v2\/comments?post=4018"}],"version-history":[{"count":20,"href":"https:\/\/caldasbairrocomercial.pt\/fr\/wp-json\/wp\/v2\/pages\/4018\/revisions"}],"predecessor-version":[{"id":5807,"href":"https:\/\/caldasbairrocomercial.pt\/fr\/wp-json\/wp\/v2\/pages\/4018\/revisions\/5807"}],"wp:attachment":[{"href":"https:\/\/caldasbairrocomercial.pt\/fr\/wp-json\/wp\/v2\/media?parent=4018"}],"curies":[{"name":"wp","href":"https:\/\/api.w.org\/{rel}","templated":true}]}}