{"id":4210,"date":"2025-10-15T18:36:32","date_gmt":"2025-10-15T18:36:32","guid":{"rendered":"https:\/\/2025.caldasbairrocomercial.pt\/?page_id=4210"},"modified":"2026-01-22T17:38:23","modified_gmt":"2026-01-22T17:38:23","slug":"fale-connosco","status":"publish","type":"page","link":"https:\/\/caldasbairrocomercial.pt\/fr\/fale-connosco\/","title":{"rendered":"Fale Connosco"},"content":{"rendered":"<div data-elementor-type=\"wp-post\" data-elementor-id=\"4210\" class=\"elementor elementor-4210\">\n\t\t\t\t\t\t<section class=\"elementor-section elementor-top-section elementor-element elementor-element-4cced21 elementor-section-boxed elementor-section-height-default elementor-section-height-default\" data-id=\"4cced21\" data-element_type=\"section\" data-settings=\"{&quot;jet_parallax_layout_list&quot;:[]}\">\n\t\t\t\t\t\t<div class=\"elementor-container elementor-column-gap-default\">\n\t\t\t\t\t<div class=\"elementor-column elementor-col-100 elementor-top-column elementor-element elementor-element-79078df\" data-id=\"79078df\" data-element_type=\"column\">\n\t\t\t<div class=\"elementor-widget-wrap elementor-element-populated\">\n\t\t\t\t\t\t<div class=\"elementor-element elementor-element-97f923a elementor-widget elementor-widget-heading\" data-id=\"97f923a\" data-element_type=\"widget\" data-widget_type=\"heading.default\">\n\t\t\t\t\t<h1 class=\"elementor-heading-title elementor-size-default\"><span style=\"font-weight:700\">Parler<\/span> avec nous<\/h1>\t\t\t\t<\/div>\n\t\t\t\t\t<\/div>\n\t\t<\/div>\n\t\t\t\t\t<\/div>\n\t\t<\/section>\n\t\t\t\t<section class=\"elementor-section elementor-top-section elementor-element elementor-element-145c552 elementor-section-boxed elementor-section-height-default elementor-section-height-default\" data-id=\"145c552\" data-element_type=\"section\" id=\"inicio\" data-settings=\"{&quot;jet_parallax_layout_list&quot;:[],&quot;background_background&quot;:&quot;classic&quot;}\">\n\t\t\t\t\t\t<div class=\"elementor-container elementor-column-gap-default\">\n\t\t\t\t\t<div class=\"elementor-column elementor-col-50 elementor-top-column elementor-element elementor-element-649f0d3\" data-id=\"649f0d3\" data-element_type=\"column\">\n\t\t\t<div class=\"elementor-widget-wrap elementor-element-populated\">\n\t\t\t\t\t\t<div class=\"elementor-element elementor-element-04cf8ca elementor-widget elementor-widget-heading\" data-id=\"04cf8ca\" data-element_type=\"widget\" data-widget_type=\"heading.default\">\n\t\t\t\t\t<h2 class=\"elementor-heading-title elementor-size-default\">Suivant<\/h2>\t\t\t\t<\/div>\n\t\t\t\t<div class=\"elementor-element elementor-element-37b464a elementor-hidden-tablet elementor-hidden-mobile elementor-invisible elementor-widget elementor-widget-heading\" data-id=\"37b464a\" data-element_type=\"widget\" data-settings=\"{&quot;_animation&quot;:&quot;fadeInUp&quot;}\" data-widget_type=\"heading.default\">\n\t\t\t\t\t<h2 class=\"elementor-heading-title elementor-size-default\">Si<br>trader,<br>r\u00e9sident ou<br>visiteur o <span style=\"font-weight:700\">Quartier d'affaires de Caldas<br>da Rainh@<\/span> il est \u00e0 vous !<\/h2>\t\t\t\t<\/div>\n\t\t\t\t<div class=\"elementor-element elementor-element-57e6227 elementor-hidden-desktop elementor-invisible elementor-widget elementor-widget-heading\" data-id=\"57e6227\" data-element_type=\"widget\" data-settings=\"{&quot;_animation&quot;:&quot;fadeInUp&quot;}\" data-widget_type=\"heading.default\">\n\t\t\t\t\t<h3 class=\"elementor-heading-title elementor-size-default\">Que vous soyez commer\u00e7ant, r\u00e9sident ou visiteur <span style=\"font-weight:700\">Caldas da Rainh@ quartier commer\u00e7ant<\/span> il est \u00e0 vous !<\/h3>\t\t\t\t<\/div>\n\t\t\t\t\t<\/div>\n\t\t<\/div>\n\t\t\t\t<div class=\"elementor-column elementor-col-50 elementor-top-column elementor-element elementor-element-c843124\" data-id=\"c843124\" data-element_type=\"column\">\n\t\t\t<div class=\"elementor-widget-wrap elementor-element-populated\">\n\t\t\t\t\t\t<div class=\"elementor-element elementor-element-b109d06 elementor-widget elementor-widget-text-editor\" data-id=\"b109d06\" data-element_type=\"widget\" data-widget_type=\"text-editor.default\">\n\t\t\t\t\t\t\t\t\t<p>O <span style=\"font-weight: bold;\">Caldas da Rainh@ quartier commer\u00e7ant<\/span> est compos\u00e9 de personnes. Votre voix est importante - parlez-nous, inspirez-nous et venez vivre cette histoire avec nous.<\/p>\t\t\t\t\t\t\t\t<\/div>\n\t\t\t\t<div class=\"elementor-element elementor-element-14e8902 elementor-widget elementor-widget-heading\" data-id=\"14e8902\" data-element_type=\"widget\" data-widget_type=\"heading.default\">\n\t\t\t\t\t<h2 class=\"elementor-heading-title elementor-size-default\">Caldas da Rainh@ quartier commer\u00e7ant<\/h2>\t\t\t\t<\/div>\n\t\t\t\t<div class=\"elementor-element elementor-element-ee36316 elementor-hidden-tablet elementor-hidden-mobile elementor-widget elementor-widget-text-editor\" data-id=\"ee36316\" data-element_type=\"widget\" data-widget_type=\"text-editor.default\">\n\t\t\t\t\t\t\t\t\t<p>Rua do Provedor Frei Jorge de S\u00e3o Paulo 1A,<br \/>2500-245 Caldas da Rainha<\/p><p><a class=\"email-link\" href=\"tel:+351 965 301 254\">+351 965 301 254*<\/a><\/p><p><a class=\"email-link\" style=\"color: #c4134a; font-weight: bold;\" href=\"mailto:caldasbairrocomercial@mcr.pt\">caldasbairrocomercial@mcr.pt<\/a><\/p><p>*Appeler le r\u00e9seau national de t\u00e9l\u00e9phonie mobile<\/p>\t\t\t\t\t\t\t\t<\/div>\n\t\t\t\t<div class=\"elementor-element elementor-element-b28a2ef elementor-hidden-desktop elementor-widget elementor-widget-text-editor\" data-id=\"b28a2ef\" data-element_type=\"widget\" data-widget_type=\"text-editor.default\">\n\t\t\t\t\t\t\t\t\t<p>Rua do Provedor Frei Jorge de S\u00e3o Paulo 1A, 2500-245 Caldas da Rainha<\/p><p><a class=\"email-link\" href=\"tel:+351 965 301 254\">+351 965 301 254*<\/a><\/p><p><a class=\"email-link\" style=\"color: #c4134a; font-weight: bold;\" href=\"mailto:caldasbairrocomercial@mcr.pt\">caldasbairrocomercial@mcr.pt<\/a><\/p><p>*Appeler le r\u00e9seau national de t\u00e9l\u00e9phonie mobile<\/p>\t\t\t\t\t\t\t\t<\/div>\n\t\t\t\t<div class=\"elementor-element elementor-element-cf239fc elementor-shape-circle e-grid-align-left elementor-grid-0 elementor-widget elementor-widget-social-icons\" data-id=\"cf239fc\" data-element_type=\"widget\" data-widget_type=\"social-icons.default\">\n\t\t\t\t\t\t\t<div class=\"elementor-social-icons-wrapper elementor-grid\" role=\"list\">\n\t\t\t\t\t\t\t<span class=\"elementor-grid-item\" role=\"listitem\">\n\t\t\t\t\t<a class=\"elementor-icon elementor-social-icon elementor-social-icon- elementor-repeater-item-03988cd\" href=\"https:\/\/www.facebook.com\/caldasbairrocomercial\" target=\"_blank\">\n\t\t\t\t\t\t<span class=\"elementor-screen-only\"><\/span>\n\t\t\t\t\t\t<svg xmlns=\"http:\/\/www.w3.org\/2000\/svg\" width=\"30\" height=\"31\" viewbox=\"0 0 30 31\" fill=\"none\"><circle cx=\"15\" cy=\"15.5\" r=\"15\" fill=\"white\"><\/circle><path d=\"M13.3125 16.4258H11.5078V13.7734H13.3125V12.5977C13.276 9.66276 14.6979 8.21354 17.5781 8.25C17.8698 8.25 18.207 8.26823 18.5898 8.30469C18.9727 8.35938 19.2734 8.41406 19.4922 8.46875V10.9023C19.2734 10.8659 18.9362 10.8477 18.4805 10.8477C17.7695 10.8477 17.2591 11.0026 16.9492 11.3125C16.6393 11.6224 16.4844 12.1237 16.4844 12.8164V13.7461H19.3555L18.8633 16.4258H16.4844V22.25H13.3125V16.4258V22.25V16.4258Z\" fill=\"#1E1E1C\"><\/path><\/svg>\t\t\t\t\t<\/a>\n\t\t\t\t<\/span>\n\t\t\t\t\t\t\t<span class=\"elementor-grid-item\" role=\"listitem\">\n\t\t\t\t\t<a class=\"elementor-icon elementor-social-icon elementor-social-icon- elementor-repeater-item-ad825be\" href=\"https:\/\/www.instagram.com\/caldasbairrocomercial\/\" target=\"_blank\">\n\t\t\t\t\t\t<span class=\"elementor-screen-only\"><\/span>\n\t\t\t\t\t\t<svg xmlns=\"http:\/\/www.w3.org\/2000\/svg\" width=\"30\" height=\"31\" viewbox=\"0 0 30 31\" fill=\"none\"><circle cx=\"15\" cy=\"15.5\" r=\"15\" fill=\"white\"><\/circle><path d=\"M15.5 13.1055C16.3932 13.1237 17.1315 13.4336 17.7148 14.0352C18.3164 14.6185 18.6263 15.3568 18.6445 16.25C18.6263 17.1432 18.3164 17.8815 17.7148 18.4648C17.1315 19.0664 16.3932 19.3763 15.5 19.3945C14.6068 19.3763 13.8685 19.0664 13.2852 18.4648C12.6836 17.8815 12.3737 17.1432 12.3555 16.25C12.3737 15.3568 12.6836 14.6185 13.2852 14.0352C13.8685 13.4336 14.6068 13.1237 15.5 13.1055ZM15.5 18.3008C16.0833 18.2826 16.5664 18.082 16.9492 17.6992C17.332 17.3164 17.5326 16.8333 17.5508 16.25C17.5326 15.6667 17.332 15.1836 16.9492 14.8008C16.5664 14.418 16.0833 14.2174 15.5 14.1992C14.9167 14.2174 14.4336 14.418 14.0508 14.8008C13.668 15.1836 13.4674 15.6667 13.4492 16.25C13.4674 16.8333 13.668 17.3164 14.0508 17.6992C14.4336 18.082 14.9167 18.2826 15.5 18.3008ZM19.5195 12.9688C19.5013 12.7682 19.4284 12.5951 19.3008 12.4492C19.1549 12.3216 18.9818 12.2578 18.7812 12.2578C18.5625 12.2578 18.3893 12.3216 18.2617 12.4492C18.1159 12.5951 18.043 12.7682 18.043 12.9688C18.0794 13.4245 18.3255 13.6706 18.7812 13.707C19.2188 13.6706 19.4648 13.4245 19.5195 12.9688ZM21.5977 13.7344V13.707C21.6159 14.0716 21.625 14.5911 21.625 15.2656C21.625 15.9219 21.625 16.5781 21.625 17.2344C21.625 17.8906 21.6159 18.401 21.5977 18.7656C21.5977 19.7682 21.2604 20.625 20.5859 21.3359C19.875 22.0104 19.0273 22.3385 18.043 22.3203C17.6784 22.3385 17.1589 22.3568 16.4844 22.375C15.8281 22.375 15.1719 22.375 14.5156 22.375C13.8411 22.3568 13.3307 22.3385 12.9844 22.3203C11.9818 22.3385 11.125 22.0104 10.4141 21.3359C9.73958 20.625 9.41146 19.7682 9.42969 18.7656C9.39323 18.401 9.375 17.8906 9.375 17.2344C9.375 16.5781 9.375 15.9219 9.375 15.2656C9.375 14.5911 9.39323 14.0716 9.42969 13.707C9.41146 12.7227 9.73958 11.875 10.4141 11.1641C11.1432 10.4896 12 10.1523 12.9844 10.1523C13.3307 10.1341 13.8411 10.125 14.5156 10.125C15.1719 10.125 15.8281 10.125 16.4844 10.125C17.1589 10.125 17.6784 10.1341 18.043 10.1523C19.0273 10.1523 19.875 10.4896 20.5859 11.1641C21.2604 11.875 21.5977 12.7318 21.5977 13.7344ZM20.2852 19.8594C20.4128 19.4948 20.4857 19.0026 20.5039 18.3828C20.5404 17.763 20.5495 17.1979 20.5312 16.6875C20.5312 16.5234 20.5312 16.3776 20.5312 16.25C20.5312 16.1224 20.5312 15.9766 20.5312 15.8125C20.5495 15.3021 20.5404 14.737 20.5039 14.1172C20.4857 13.4974 20.4128 13.0052 20.2852 12.6406C20.0482 12.0938 19.6562 11.7018 19.1094 11.4648C18.7448 11.3372 18.2526 11.2643 17.6328 11.2461C17.013 11.2279 16.4479 11.2188 15.9375 11.2188C15.7734 11.2188 15.6276 11.2188 15.5 11.2188C15.3724 11.2188 15.2266 11.2188 15.0625 11.2188C14.5521 11.2005 13.987 11.2096 13.3672 11.2461C12.7656 11.2643 12.2734 11.3372 11.8906 11.4648C11.3438 11.7018 10.9518 12.0938 10.7148 12.6406C10.5872 13.0052 10.5143 13.4974 10.4961 14.1172C10.4779 14.737 10.4688 15.3021 10.4688 15.8125C10.4688 15.9766 10.4688 16.1224 10.4688 16.25C10.4688 16.3776 10.4688 16.5234 10.4688 16.6875C10.4688 17.1979 10.4779 17.763 10.4961 18.3828C10.5143 18.9844 10.5872 19.4766 10.7148 19.8594C10.9518 20.4062 11.3438 20.7982 11.8906 21.0352C12.2734 21.1628 12.7656 21.2357 13.3672 21.2539C13.987 21.2721 14.5521 21.2812 15.0625 21.2812C15.2266 21.2812 15.3724 21.2812 15.5 21.2812C15.6276 21.2812 15.7734 21.2812 15.9375 21.2812C16.4479 21.2812 17.013 21.2721 17.6328 21.2539C18.2526 21.2357 18.7448 21.1628 19.1094 21.0352C19.6562 20.7982 20.0482 20.4062 20.2852 19.8594Z\" fill=\"#1E1E1C\"><\/path><circle cx=\"15\" cy=\"15.5\" r=\"15\" fill=\"white\"><\/circle><path d=\"M15.5 13.1055C16.3932 13.1237 17.1315 13.4336 17.7148 14.0352C18.3164 14.6185 18.6263 15.3568 18.6445 16.25C18.6263 17.1432 18.3164 17.8815 17.7148 18.4648C17.1315 19.0664 16.3932 19.3763 15.5 19.3945C14.6068 19.3763 13.8685 19.0664 13.2852 18.4648C12.6836 17.8815 12.3737 17.1432 12.3555 16.25C12.3737 15.3568 12.6836 14.6185 13.2852 14.0352C13.8685 13.4336 14.6068 13.1237 15.5 13.1055ZM15.5 18.3008C16.0833 18.2826 16.5664 18.082 16.9492 17.6992C17.332 17.3164 17.5326 16.8333 17.5508 16.25C17.5326 15.6667 17.332 15.1836 16.9492 14.8008C16.5664 14.418 16.0833 14.2174 15.5 14.1992C14.9167 14.2174 14.4336 14.418 14.0508 14.8008C13.668 15.1836 13.4674 15.6667 13.4492 16.25C13.4674 16.8333 13.668 17.3164 14.0508 17.6992C14.4336 18.082 14.9167 18.2826 15.5 18.3008ZM19.5195 12.9688C19.5013 12.7682 19.4284 12.5951 19.3008 12.4492C19.1549 12.3216 18.9818 12.2578 18.7812 12.2578C18.5625 12.2578 18.3893 12.3216 18.2617 12.4492C18.1159 12.5951 18.043 12.7682 18.043 12.9688C18.0794 13.4245 18.3255 13.6706 18.7812 13.707C19.2188 13.6706 19.4648 13.4245 19.5195 12.9688ZM21.5977 13.7344V13.707C21.6159 14.0716 21.625 14.5911 21.625 15.2656C21.625 15.9219 21.625 16.5781 21.625 17.2344C21.625 17.8906 21.6159 18.401 21.5977 18.7656C21.5977 19.7682 21.2604 20.625 20.5859 21.3359C19.875 22.0104 19.0273 22.3385 18.043 22.3203C17.6784 22.3385 17.1589 22.3568 16.4844 22.375C15.8281 22.375 15.1719 22.375 14.5156 22.375C13.8411 22.3568 13.3307 22.3385 12.9844 22.3203C11.9818 22.3385 11.125 22.0104 10.4141 21.3359C9.73958 20.625 9.41146 19.7682 9.42969 18.7656C9.39323 18.401 9.375 17.8906 9.375 17.2344C9.375 16.5781 9.375 15.9219 9.375 15.2656C9.375 14.5911 9.39323 14.0716 9.42969 13.707C9.41146 12.7227 9.73958 11.875 10.4141 11.1641C11.1432 10.4896 12 10.1523 12.9844 10.1523C13.3307 10.1341 13.8411 10.125 14.5156 10.125C15.1719 10.125 15.8281 10.125 16.4844 10.125C17.1589 10.125 17.6784 10.1341 18.043 10.1523C19.0273 10.1523 19.875 10.4896 20.5859 11.1641C21.2604 11.875 21.5977 12.7318 21.5977 13.7344ZM20.2852 19.8594C20.4128 19.4948 20.4857 19.0026 20.5039 18.3828C20.5404 17.763 20.5495 17.1979 20.5312 16.6875C20.5312 16.5234 20.5312 16.3776 20.5312 16.25C20.5312 16.1224 20.5312 15.9766 20.5312 15.8125C20.5495 15.3021 20.5404 14.737 20.5039 14.1172C20.4857 13.4974 20.4128 13.0052 20.2852 12.6406C20.0482 12.0938 19.6562 11.7018 19.1094 11.4648C18.7448 11.3372 18.2526 11.2643 17.6328 11.2461C17.013 11.2279 16.4479 11.2188 15.9375 11.2188C15.7734 11.2188 15.6276 11.2188 15.5 11.2188C15.3724 11.2188 15.2266 11.2188 15.0625 11.2188C14.5521 11.2005 13.987 11.2096 13.3672 11.2461C12.7656 11.2643 12.2734 11.3372 11.8906 11.4648C11.3438 11.7018 10.9518 12.0938 10.7148 12.6406C10.5872 13.0052 10.5143 13.4974 10.4961 14.1172C10.4779 14.737 10.4688 15.3021 10.4688 15.8125C10.4688 15.9766 10.4688 16.1224 10.4688 16.25C10.4688 16.3776 10.4688 16.5234 10.4688 16.6875C10.4688 17.1979 10.4779 17.763 10.4961 18.3828C10.5143 18.9844 10.5872 19.4766 10.7148 19.8594C10.9518 20.4062 11.3438 20.7982 11.8906 21.0352C12.2734 21.1628 12.7656 21.2357 13.3672 21.2539C13.987 21.2721 14.5521 21.2812 15.0625 21.2812C15.2266 21.2812 15.3724 21.2812 15.5 21.2812C15.6276 21.2812 15.7734 21.2812 15.9375 21.2812C16.4479 21.2812 17.013 21.2721 17.6328 21.2539C18.2526 21.2357 18.7448 21.1628 19.1094 21.0352C19.6562 20.7982 20.0482 20.4062 20.2852 19.8594Z\" fill=\"#1E1E1C\"><\/path><\/svg>\t\t\t\t\t<\/a>\n\t\t\t\t<\/span>\n\t\t\t\t\t\t\t<span class=\"elementor-grid-item\" role=\"listitem\">\n\t\t\t\t\t<a class=\"elementor-icon elementor-social-icon elementor-social-icon- elementor-repeater-item-231e0f1\" href=\"https:\/\/www.linkedin.com\/company\/caldasbairrocomercial\/\" target=\"_blank\">\n\t\t\t\t\t\t<span class=\"elementor-screen-only\"><\/span>\n\t\t\t\t\t\t<svg xmlns=\"http:\/\/www.w3.org\/2000\/svg\" width=\"30\" height=\"31\" viewbox=\"0 0 30 31\" fill=\"none\"><circle cx=\"15\" cy=\"15.5\" r=\"15\" fill=\"white\"><\/circle><path d=\"M12.1094 21.5H9.56641H12.1094H9.56641V13.3242H12.1094V21.5ZM10.8516 12.2031C10.4323 12.1849 10.0859 12.0391 9.8125 11.7656C9.53906 11.4922 9.39323 11.1458 9.375 10.7266C9.39323 10.1615 9.63932 9.73307 10.1133 9.44141C10.6055 9.1862 11.0977 9.1862 11.5898 9.44141C12.0638 9.73307 12.3099 10.1615 12.3281 10.7266C12.3099 11.1458 12.1641 11.4922 11.8906 11.7656C11.6172 12.0391 11.2708 12.1849 10.8516 12.2031ZM21.625 21.5H19.082H21.625H19.082V17.5078C19.1185 17.0156 19.0638 16.5417 18.918 16.0859C18.7721 15.6302 18.3893 15.3841 17.7695 15.3477C17.1315 15.3659 16.7122 15.5846 16.5117 16.0039C16.3112 16.4232 16.2201 16.9062 16.2383 17.4531V21.5H13.6953V13.3242H16.1562V14.4453H16.1836C16.3477 14.099 16.6302 13.7982 17.0312 13.543C17.4505 13.2695 17.9701 13.1237 18.5898 13.1055C19.8294 13.1419 20.6589 13.5156 21.0781 14.2266C21.4792 14.9557 21.6615 15.8854 21.625 17.0156V21.5Z\" fill=\"#1E1E1C\"><\/path><\/svg>\t\t\t\t\t<\/a>\n\t\t\t\t<\/span>\n\t\t\t\t\t\t\t<span class=\"elementor-grid-item\" role=\"listitem\">\n\t\t\t\t\t<a class=\"elementor-icon elementor-social-icon elementor-social-icon- elementor-repeater-item-7a4a0eb\" href=\"https:\/\/api.whatsapp.com\/send?phone=351965301254\" target=\"_blank\">\n\t\t\t\t\t\t<span class=\"elementor-screen-only\"><\/span>\n\t\t\t\t\t\t<svg xmlns=\"http:\/\/www.w3.org\/2000\/svg\" width=\"30\" height=\"31\" viewbox=\"0 0 30 31\" fill=\"none\"><circle cx=\"15\" cy=\"15.5\" r=\"15\" fill=\"white\"><\/circle><path d=\"M19.793 11.9023C20.3763 12.4857 20.8229 13.1419 21.1328 13.8711C21.4609 14.6003 21.625 15.375 21.625 16.1953C21.6068 17.3255 21.3242 18.3464 20.7773 19.2578C20.2305 20.1693 19.4922 20.8984 18.5625 21.4453C17.651 21.974 16.6302 22.2474 15.5 22.2656C14.4609 22.2656 13.4948 22.0195 12.6016 21.5273L9.375 22.375L10.2227 19.2305C9.69401 18.3008 9.42969 17.2891 9.42969 16.1953C9.44792 15.0651 9.72135 14.0443 10.25 13.1328C10.7969 12.2214 11.526 11.4922 12.4375 10.9453C13.349 10.4167 14.3698 10.1432 15.5 10.125C17.1589 10.1432 18.5898 10.7357 19.793 11.9023ZM15.5 21.2539C16.9219 21.2174 18.1159 20.7253 19.082 19.7773C20.0482 18.8112 20.5586 17.6172 20.6133 16.1953C20.5768 14.8099 20.0573 13.625 19.0547 12.6406C18.0703 11.6562 16.8854 11.1641 15.5 11.1641C14.0781 11.1823 12.8932 11.6745 11.9453 12.6406C10.9792 13.5885 10.4779 14.7734 10.4414 16.1953C10.4596 17.1615 10.724 18.0547 11.2344 18.875L11.3438 19.0664L10.8242 20.9258L12.7383 20.4336L12.9297 20.543C13.7135 20.9987 14.5703 21.2357 15.5 21.2539ZM18.2617 17.4805C18.2799 17.4805 18.3073 17.4896 18.3438 17.5078C18.4531 17.5443 18.526 17.5898 18.5625 17.6445C18.6172 17.7357 18.5807 17.9818 18.4531 18.3828C18.3802 18.5651 18.2344 18.7201 18.0156 18.8477C17.7969 18.9753 17.6055 19.0573 17.4414 19.0938C17.2227 19.1302 16.9766 19.1302 16.7031 19.0938C16.4479 19.0391 16.0833 18.9115 15.6094 18.7109C14.8984 18.3646 14.3242 17.9453 13.8867 17.4531C13.431 16.9609 13.1576 16.6328 13.0664 16.4688C13.0482 16.4505 13.0391 16.4323 13.0391 16.4141C13.0208 16.4141 13.0117 16.4141 13.0117 16.4141C12.957 16.3411 12.8477 16.1589 12.6836 15.8672C12.5195 15.5573 12.4284 15.2201 12.4102 14.8555C12.4284 14.5091 12.4922 14.2357 12.6016 14.0352C12.7109 13.8346 12.8112 13.6979 12.9023 13.625C12.9206 13.6068 12.9297 13.5885 12.9297 13.5703C13.0938 13.4427 13.2305 13.388 13.3398 13.4062C13.4492 13.4062 13.5495 13.4062 13.6406 13.4062C13.6406 13.4062 13.6497 13.4062 13.668 13.4062C13.7591 13.3516 13.8594 13.4336 13.9688 13.6523C14.0052 13.7435 14.0599 13.862 14.1328 14.0078C14.2057 14.1901 14.2695 14.3542 14.3242 14.5C14.3789 14.6641 14.4154 14.7552 14.4336 14.7734C14.4883 14.8646 14.4974 14.9557 14.4609 15.0469C14.3151 15.3021 14.1966 15.4661 14.1055 15.5391C13.9779 15.6484 13.9505 15.7578 14.0234 15.8672C14.2969 16.3594 14.5977 16.7331 14.9258 16.9883C15.2539 17.2435 15.6367 17.4714 16.0742 17.6719C16.2201 17.763 16.3294 17.7539 16.4023 17.6445C16.457 17.5898 16.5391 17.4987 16.6484 17.3711C16.7396 17.2435 16.8216 17.1341 16.8945 17.043C16.9857 16.9154 17.0951 16.8971 17.2227 16.9883C17.3138 17.0247 17.487 17.0977 17.7422 17.207C17.9974 17.3346 18.1706 17.4258 18.2617 17.4805Z\" fill=\"#1E1E1C\"><\/path><\/svg>\t\t\t\t\t<\/a>\n\t\t\t\t<\/span>\n\t\t\t\t\t<\/div>\n\t\t\t\t\t\t<\/div>\n\t\t\t\t\t<\/div>\n\t\t<\/div>\n\t\t\t\t\t<\/div>\n\t\t<\/section>\n\t\t\t\t<section class=\"elementor-section elementor-top-section elementor-element elementor-element-c849ec8 back100 elementor-section-content-middle elementor-section-boxed elementor-section-height-default elementor-section-height-default\" data-id=\"c849ec8\" data-element_type=\"section\" data-settings=\"{&quot;jet_parallax_layout_list&quot;:[],&quot;background_background&quot;:&quot;classic&quot;}\">\n\t\t\t\t\t\t<div class=\"elementor-container elementor-column-gap-default\">\n\t\t\t\t\t<div class=\"elementor-column elementor-col-100 elementor-top-column elementor-element elementor-element-322355d\" data-id=\"322355d\" data-element_type=\"column\">\n\t\t\t<div class=\"elementor-widget-wrap\">\n\t\t\t\t\t\t\t<\/div>\n\t\t<\/div>\n\t\t\t\t\t<\/div>\n\t\t<\/section>\n\t\t\t\t<section class=\"elementor-section elementor-top-section elementor-element elementor-element-95572a3 elementor-section-height-min-height elementor-section-items-bottom elementor-section-boxed elementor-section-height-default\" data-id=\"95572a3\" data-element_type=\"section\" data-settings=\"{&quot;jet_parallax_layout_list&quot;:[],&quot;background_background&quot;:&quot;classic&quot;}\">\n\t\t\t\t\t\t<div class=\"elementor-container elementor-column-gap-default\">\n\t\t\t\t\t<div class=\"elementor-column elementor-col-100 elementor-top-column elementor-element elementor-element-a859642\" data-id=\"a859642\" data-element_type=\"column\">\n\t\t\t<div class=\"elementor-widget-wrap elementor-element-populated\">\n\t\t\t\t\t\t<div class=\"elementor-element elementor-element-745c4a9 elementor-hidden-tablet elementor-hidden-mobile elementor-widget elementor-widget-heading\" data-id=\"745c4a9\" data-element_type=\"widget\" data-widget_type=\"heading.default\">\n\t\t\t\t\t<h2 class=\"elementor-heading-title elementor-size-default\"><span style=\"font-weight:700\">Rejoignez le projet et<br>remplir le<br>manifestation de<br>int\u00e9r\u00eat !<\/span><\/h2>\t\t\t\t<\/div>\n\t\t\t\t<div class=\"elementor-element elementor-element-c6ef023 elementor-hidden-desktop elementor-widget elementor-widget-heading\" data-id=\"c6ef023\" data-element_type=\"widget\" data-widget_type=\"heading.default\">\n\t\t\t\t\t<h2 class=\"elementor-heading-title elementor-size-default\"><span style=\"font-weight:700\">Rejoignez le projet et remplissez le formulaire de manifestation d'int\u00e9r\u00eat !<\/span><\/h2>\t\t\t\t<\/div>\n\t\t\t\t<div class=\"elementor-element elementor-element-c025dae elementor-hidden-tablet elementor-hidden-mobile elementor-widget elementor-widget-heading\" data-id=\"c025dae\" data-element_type=\"widget\" data-widget_type=\"heading.default\">\n\t\t\t\t\t<h2 class=\"elementor-heading-title elementor-size-default\">Gagnez en visibilit\u00e9, attirez plus de clients et participez \u00e0 la transformation<br> digital Caldas.<\/h2>\t\t\t\t<\/div>\n\t\t\t\t<div class=\"elementor-element elementor-element-38a267c elementor-hidden-desktop elementor-widget elementor-widget-heading\" data-id=\"38a267c\" data-element_type=\"widget\" data-widget_type=\"heading.default\">\n\t\t\t\t\t<h2 class=\"elementor-heading-title elementor-size-default\">Gagnez en visibilit\u00e9, attirez plus de clients et participez \u00e0 la transformation num\u00e9rique de Caldas.<\/h2>\t\t\t\t<\/div>\n\t\t\t\t<div class=\"elementor-element elementor-element-5a3ddd9 elementor-align-right elementor-tablet-align-left elementor-widget elementor-widget-button\" data-id=\"5a3ddd9\" data-element_type=\"widget\" data-widget_type=\"button.default\">\n\t\t\t\t\t\t\t\t\t\t<a class=\"elementor-button elementor-button-link elementor-size-sm\" href=\"https:\/\/forms.gle\/ur53D3a1HFUM1fEs9\">\n\t\t\t\t\t\t<span class=\"elementor-button-content-wrapper\">\n\t\t\t\t\t\t\t\t\t<span class=\"elementor-button-text\">Rejoindre<\/span>\n\t\t\t\t\t<\/span>\n\t\t\t\t\t<\/a>\n\t\t\t\t\t\t\t\t<\/div>\n\t\t\t\t\t<\/div>\n\t\t<\/div>\n\t\t\t\t\t<\/div>\n\t\t<\/section>\n\t\t\t\t<\/div>","protected":false},"excerpt":{"rendered":"<p>Fale connosco Pr\u00f3ximo Quer seja comerciante, residente ou visitante o Bairro Comercial Caldas da Rainh@ \u00e9 seu! Quer seja comerciante, residente ou visitante o Bairro Comercial Caldas da Rainh@ \u00e9 seu! O Bairro Comercial Caldas da Rainh@ \u00e9 feito de pessoas. A sua voz \u00e9 importante \u2014 fale connosco, inspire-nos e venha viver esta hist\u00f3ria [&hellip;]<\/p>","protected":false},"author":1,"featured_media":0,"parent":0,"menu_order":0,"comment_status":"closed","ping_status":"closed","template":"page-templates\/fullwidth-content.php","meta":{"om_disable_all_campaigns":false,"inline_featured_image":false,"_monsterinsights_skip_tracking":false,"_monsterinsights_sitenote_active":false,"_monsterinsights_sitenote_note":"","_monsterinsights_sitenote_category":0,"footnotes":""},"class_list":["post-4210","page","type-page","status-publish","hentry"],"aioseo_notices":[],"_links":{"self":[{"href":"https:\/\/caldasbairrocomercial.pt\/fr\/wp-json\/wp\/v2\/pages\/4210","targetHints":{"allow":["GET"]}}],"collection":[{"href":"https:\/\/caldasbairrocomercial.pt\/fr\/wp-json\/wp\/v2\/pages"}],"about":[{"href":"https:\/\/caldasbairrocomercial.pt\/fr\/wp-json\/wp\/v2\/types\/page"}],"author":[{"embeddable":true,"href":"https:\/\/caldasbairrocomercial.pt\/fr\/wp-json\/wp\/v2\/users\/1"}],"replies":[{"embeddable":true,"href":"https:\/\/caldasbairrocomercial.pt\/fr\/wp-json\/wp\/v2\/comments?post=4210"}],"version-history":[{"count":86,"href":"https:\/\/caldasbairrocomercial.pt\/fr\/wp-json\/wp\/v2\/pages\/4210\/revisions"}],"predecessor-version":[{"id":7269,"href":"https:\/\/caldasbairrocomercial.pt\/fr\/wp-json\/wp\/v2\/pages\/4210\/revisions\/7269"}],"wp:attachment":[{"href":"https:\/\/caldasbairrocomercial.pt\/fr\/wp-json\/wp\/v2\/media?parent=4210"}],"curies":[{"name":"wp","href":"https:\/\/api.w.org\/{rel}","templated":true}]}}